{"id":1204,"date":"2020-04-27T16:51:24","date_gmt":"2020-04-27T19:51:24","guid":{"rendered":"https:\/\/www.amplifica.me\/simplifica\/?page_id=1204"},"modified":"2020-05-09T12:10:18","modified_gmt":"2020-05-09T15:10:18","slug":"ferramentas","status":"publish","type":"page","link":"https:\/\/www.amplifica.me\/simplifica\/?page_id=1204","title":{"rendered":"Ferramentas"},"content":{"rendered":"\n<p class=\"has-medium-font-size\">Uma lista das ferramentas que usamos em nosso dia a dia, e tamb\u00e9m durante o desenvolvimento do programa Simplifica, que podem ajudar voc\u00ea durante esse per\u00edodo de ensino online.<\/p>\n\n\n\n<p class=\"has-medium-font-size\">Confira:<\/p>\n\n\n\n<div style=\"height:41px\" aria-hidden=\"true\" class=\"wp-block-spacer\"><\/div>\n\n\n\n<div class=\"wp-block-columns\">\n<div class=\"wp-block-column\">\n<div class=\"wp-block-image\"><figure class=\"aligncenter size-large is-resized\"><a href=\"https:\/\/www.google.com\/docs\/about\/?utm_source=gaboutpage&amp;utm_medium=docslink&amp;utm_campaign=gabout\"><img loading=\"lazy\" src=\"https:\/\/www.amplifica.me\/simplifica\/wp-content\/uploads\/2020\/04\/unnamed.png\" alt=\"\" class=\"wp-image-1417\" width=\"120\" height=\"120\" srcset=\"https:\/\/www.amplifica.me\/simplifica\/wp-content\/uploads\/2020\/04\/unnamed.png 128w, https:\/\/www.amplifica.me\/simplifica\/wp-content\/uploads\/2020\/04\/unnamed-100x100.png 100w, https:\/\/www.amplifica.me\/simplifica\/wp-content\/uploads\/2020\/04\/unnamed-120x120.png 120w\" sizes=\"(max-width: 120px) 100vw, 120px\" \/><\/a><figcaption><a href=\"https:\/\/www.google.com\/docs\/about\/?utm_source=gaboutpage&amp;utm_medium=docslink&amp;utm_campaign=gabout\" target=\"_blank\" rel=\"noreferrer noopener\">Google Documentos<\/a><\/figcaption><\/figure><\/div>\n\n\n\n<div style=\"height:41px\" aria-hidden=\"true\" class=\"wp-block-spacer\"><\/div>\n\n\n\n<div class=\"wp-block-image\"><figure class=\"aligncenter size-large is-resized\"><a href=\"https:\/\/www.google.com\/sheets\/about\/?utm_source=gaboutpage&amp;utm_medium=sheetslink&amp;utm_campaign=gabout\"><img loading=\"lazy\" src=\"https:\/\/www.amplifica.me\/simplifica\/wp-content\/uploads\/2020\/04\/unnamed-1.png\" alt=\"\" class=\"wp-image-1406\" width=\"120\" height=\"120\" srcset=\"https:\/\/www.amplifica.me\/simplifica\/wp-content\/uploads\/2020\/04\/unnamed-1.png 128w, https:\/\/www.amplifica.me\/simplifica\/wp-content\/uploads\/2020\/04\/unnamed-1-100x100.png 100w, https:\/\/www.amplifica.me\/simplifica\/wp-content\/uploads\/2020\/04\/unnamed-1-120x120.png 120w\" sizes=\"(max-width: 120px) 100vw, 120px\" \/><\/a><figcaption><a href=\"https:\/\/www.google.com\/sheets\/about\/?utm_source=gaboutpage&amp;utm_medium=sheetslink&amp;utm_campaign=gabout\" target=\"_blank\" rel=\"noreferrer noopener\">Google Planilhas<\/a><\/figcaption><\/figure><\/div>\n\n\n\n<div style=\"height:41px\" aria-hidden=\"true\" class=\"wp-block-spacer\"><\/div>\n\n\n\n<div class=\"wp-block-image\"><figure class=\"aligncenter size-large is-resized\"><a href=\"https:\/\/www.google.com\/drive\/\" target=\"_blank\" rel=\"noopener noreferrer\"><img src=\"https:\/\/www.amplifica.me\/simplifica\/wp-content\/uploads\/2020\/04\/unnamed-3.png\" alt=\"\" class=\"wp-image-1408\" height=\"120\" srcset=\"https:\/\/www.amplifica.me\/simplifica\/wp-content\/uploads\/2020\/04\/unnamed-3.png 128w, https:\/\/www.amplifica.me\/simplifica\/wp-content\/uploads\/2020\/04\/unnamed-3-100x100.png 100w, https:\/\/www.amplifica.me\/simplifica\/wp-content\/uploads\/2020\/04\/unnamed-3-120x120.png 120w\" sizes=\"(max-width: 128px) 100vw, 128px\" \/><\/a><figcaption><a href=\"https:\/\/www.google.com\/drive\/\" target=\"_blank\" rel=\"noreferrer noopener\">Google Drive<\/a><\/figcaption><\/figure><\/div>\n\n\n\n<div style=\"height:41px\" aria-hidden=\"true\" class=\"wp-block-spacer\"><\/div>\n\n\n\n<div class=\"wp-block-image\"><figure class=\"aligncenter size-large\"><a href=\"https:\/\/gsuite.google.com\/products\/meet\/\"><img loading=\"lazy\" width=\"120\" height=\"120\" src=\"https:\/\/www.amplifica.me\/simplifica\/wp-content\/uploads\/2020\/04\/unnamed-5.png\" alt=\"\" class=\"wp-image-1410\" srcset=\"https:\/\/www.amplifica.me\/simplifica\/wp-content\/uploads\/2020\/04\/unnamed-5.png 120w, https:\/\/www.amplifica.me\/simplifica\/wp-content\/uploads\/2020\/04\/unnamed-5-100x100.png 100w\" sizes=\"(max-width: 120px) 100vw, 120px\" \/><\/a><figcaption><a href=\"https:\/\/gsuite.google.com\/products\/meet\/\" target=\"_blank\" rel=\"noreferrer noopener\">Google Meet<\/a><\/figcaption><\/figure><\/div>\n\n\n\n<div style=\"height:41px\" aria-hidden=\"true\" class=\"wp-block-spacer\"><\/div>\n\n\n\n<div class=\"wp-block-image\"><figure class=\"aligncenter size-large is-resized\"><a href=\"https:\/\/jamboard.google.com\/\"><img loading=\"lazy\" src=\"https:\/\/www.amplifica.me\/simplifica\/wp-content\/uploads\/2020\/04\/unnamed-12.png\" alt=\"\" class=\"wp-image-1424\" width=\"120\" height=\"120\" srcset=\"https:\/\/www.amplifica.me\/simplifica\/wp-content\/uploads\/2020\/04\/unnamed-12.png 512w, https:\/\/www.amplifica.me\/simplifica\/wp-content\/uploads\/2020\/04\/unnamed-12-300x300.png 300w, https:\/\/www.amplifica.me\/simplifica\/wp-content\/uploads\/2020\/04\/unnamed-12-150x150.png 150w, https:\/\/www.amplifica.me\/simplifica\/wp-content\/uploads\/2020\/04\/unnamed-12-100x100.png 100w, https:\/\/www.amplifica.me\/simplifica\/wp-content\/uploads\/2020\/04\/unnamed-12-450x450.png 450w, https:\/\/www.amplifica.me\/simplifica\/wp-content\/uploads\/2020\/04\/unnamed-12-120x120.png 120w\" sizes=\"(max-width: 120px) 100vw, 120px\" \/><\/a><figcaption><a href=\"https:\/\/jamboard.google.com\/\" target=\"_blank\" rel=\"noreferrer noopener\">Google Jamboard<\/a><\/figcaption><\/figure><\/div>\n<\/div>\n\n\n\n<div class=\"wp-block-column\">\n<div class=\"wp-block-image\"><figure class=\"aligncenter size-large is-resized\"><a href=\"https:\/\/www.google.com\/slides\/about\/?utm_source=gaboutpage&amp;utm_medium=slideslink&amp;utm_campaign=gabout\"><img loading=\"lazy\" src=\"https:\/\/www.amplifica.me\/simplifica\/wp-content\/uploads\/2020\/04\/unnamed-2.png\" alt=\"\" class=\"wp-image-1407\" width=\"120\" height=\"120\" srcset=\"https:\/\/www.amplifica.me\/simplifica\/wp-content\/uploads\/2020\/04\/unnamed-2.png 128w, https:\/\/www.amplifica.me\/simplifica\/wp-content\/uploads\/2020\/04\/unnamed-2-100x100.png 100w, https:\/\/www.amplifica.me\/simplifica\/wp-content\/uploads\/2020\/04\/unnamed-2-120x120.png 120w\" sizes=\"(max-width: 120px) 100vw, 120px\" \/><\/a><figcaption><a href=\"https:\/\/www.google.com\/slides\/about\/?utm_source=gaboutpage&amp;utm_medium=slideslink&amp;utm_campaign=gabout\" target=\"_blank\" rel=\"noreferrer noopener\">Google Apresentac\u00f5es<\/a><\/figcaption><\/figure><\/div>\n\n\n\n<div style=\"height:41px\" aria-hidden=\"true\" class=\"wp-block-spacer\"><\/div>\n\n\n\n<div class=\"wp-block-image\"><figure class=\"aligncenter size-large is-resized\"><a href=\"https:\/\/sites.google.com\/new\"><img loading=\"lazy\" src=\"https:\/\/www.amplifica.me\/simplifica\/wp-content\/uploads\/2020\/04\/unnamed-8.png\" alt=\"\" class=\"wp-image-1413\" width=\"120\" height=\"120\"\/><\/a><figcaption><a href=\"https:\/\/sites.google.com\/new\" target=\"_blank\" rel=\"noreferrer noopener\">Google Sites<\/a><\/figcaption><\/figure><\/div>\n\n\n\n<div style=\"height:41px\" aria-hidden=\"true\" class=\"wp-block-spacer\"><\/div>\n\n\n\n<div class=\"wp-block-image\"><figure class=\"aligncenter size-large\"><a href=\"https:\/\/chrome.google.com\/webstore\/detail\/google-drawings\/mkaakpdehdafacodkgkpghoibnmamcme?hl=en-US\"><img loading=\"lazy\" width=\"120\" height=\"120\" src=\"https:\/\/www.amplifica.me\/simplifica\/wp-content\/uploads\/2020\/04\/unnamed-11.png\" alt=\"\" class=\"wp-image-1416\" srcset=\"https:\/\/www.amplifica.me\/simplifica\/wp-content\/uploads\/2020\/04\/unnamed-11.png 120w, https:\/\/www.amplifica.me\/simplifica\/wp-content\/uploads\/2020\/04\/unnamed-11-100x100.png 100w\" sizes=\"(max-width: 120px) 100vw, 120px\" \/><\/a><figcaption><a href=\"https:\/\/chrome.google.com\/webstore\/detail\/google-drawings\/mkaakpdehdafacodkgkpghoibnmamcme?hl=en-US\" target=\"_blank\" rel=\"noreferrer noopener\">Google Desenhos<\/a><\/figcaption><\/figure><\/div>\n\n\n\n<div style=\"height:41px\" aria-hidden=\"true\" class=\"wp-block-spacer\"><\/div>\n\n\n\n<div class=\"wp-block-image\"><figure class=\"aligncenter size-large is-resized\"><a href=\"https:\/\/www.youtube.com\/yt\/about\/\"><img loading=\"lazy\" src=\"https:\/\/www.amplifica.me\/simplifica\/wp-content\/uploads\/2020\/04\/youtube-590x590-1.jpg\" alt=\"\" class=\"wp-image-1421\" width=\"120\" height=\"120\" srcset=\"https:\/\/www.amplifica.me\/simplifica\/wp-content\/uploads\/2020\/04\/youtube-590x590-1.jpg 590w, https:\/\/www.amplifica.me\/simplifica\/wp-content\/uploads\/2020\/04\/youtube-590x590-1-300x300.jpg 300w, https:\/\/www.amplifica.me\/simplifica\/wp-content\/uploads\/2020\/04\/youtube-590x590-1-150x150.jpg 150w, https:\/\/www.amplifica.me\/simplifica\/wp-content\/uploads\/2020\/04\/youtube-590x590-1-100x100.jpg 100w, https:\/\/www.amplifica.me\/simplifica\/wp-content\/uploads\/2020\/04\/youtube-590x590-1-450x450.jpg 450w, https:\/\/www.amplifica.me\/simplifica\/wp-content\/uploads\/2020\/04\/youtube-590x590-1-120x120.jpg 120w\" sizes=\"(max-width: 120px) 100vw, 120px\" \/><\/a><figcaption><a href=\"https:\/\/www.youtube.com\/yt\/about\/\" target=\"_blank\" rel=\"noreferrer noopener\">YouTube<\/a><\/figcaption><\/figure><\/div>\n\n\n\n<div style=\"height:41px\" aria-hidden=\"true\" class=\"wp-block-spacer\"><\/div>\n\n\n\n<div class=\"wp-block-image\"><figure class=\"aligncenter size-large is-resized\"><a href=\"https:\/\/play.google.com\/store\/apps\/details?id=com.stupeflix.replay&amp;hl=pt_BR\"><img loading=\"lazy\" src=\"https:\/\/www.amplifica.me\/simplifica\/wp-content\/uploads\/2020\/04\/15184724180329286.png\" alt=\"\" class=\"wp-image-1427\" width=\"120\" height=\"120\" srcset=\"https:\/\/www.amplifica.me\/simplifica\/wp-content\/uploads\/2020\/04\/15184724180329286.png 500w, https:\/\/www.amplifica.me\/simplifica\/wp-content\/uploads\/2020\/04\/15184724180329286-300x300.png 300w, https:\/\/www.amplifica.me\/simplifica\/wp-content\/uploads\/2020\/04\/15184724180329286-150x150.png 150w, https:\/\/www.amplifica.me\/simplifica\/wp-content\/uploads\/2020\/04\/15184724180329286-100x100.png 100w, https:\/\/www.amplifica.me\/simplifica\/wp-content\/uploads\/2020\/04\/15184724180329286-450x450.png 450w, https:\/\/www.amplifica.me\/simplifica\/wp-content\/uploads\/2020\/04\/15184724180329286-120x120.png 120w\" sizes=\"(max-width: 120px) 100vw, 120px\" \/><\/a><figcaption><a href=\"https:\/\/play.google.com\/store\/apps\/details?id=com.stupeflix.replay&amp;hl=pt_BR\" target=\"_blank\" rel=\"noreferrer noopener\">Quik<\/a><\/figcaption><\/figure><\/div>\n<\/div>\n\n\n\n<div class=\"wp-block-column\">\n<div class=\"wp-block-image\"><figure class=\"aligncenter size-large\"><a href=\"https:\/\/www.google.com\/forms\/about\/?utm_source=gaboutpage&amp;utm_medium=formslink&amp;utm_campaign=gabout\"><img loading=\"lazy\" width=\"120\" height=\"120\" src=\"https:\/\/www.amplifica.me\/simplifica\/wp-content\/uploads\/2020\/04\/unnamed-4.png\" alt=\"\" class=\"wp-image-1409\" srcset=\"https:\/\/www.amplifica.me\/simplifica\/wp-content\/uploads\/2020\/04\/unnamed-4.png 120w, https:\/\/www.amplifica.me\/simplifica\/wp-content\/uploads\/2020\/04\/unnamed-4-100x100.png 100w\" sizes=\"(max-width: 120px) 100vw, 120px\" \/><\/a><figcaption><a href=\"https:\/\/www.google.com\/forms\/about\/?utm_source=gaboutpage&amp;utm_medium=formslink&amp;utm_campaign=gabout\" target=\"_blank\" rel=\"noreferrer noopener\">Google Formul\u00e1rios<\/a><\/figcaption><\/figure><\/div>\n\n\n\n<div style=\"height:41px\" aria-hidden=\"true\" class=\"wp-block-spacer\"><\/div>\n\n\n\n<div class=\"wp-block-image\"><figure class=\"aligncenter size-large\"><a href=\"https:\/\/classroom.google.com\/welcome\"><img loading=\"lazy\" width=\"120\" height=\"120\" src=\"https:\/\/www.amplifica.me\/simplifica\/wp-content\/uploads\/2020\/04\/unnamed-6.png\" alt=\"\" class=\"wp-image-1411\" srcset=\"https:\/\/www.amplifica.me\/simplifica\/wp-content\/uploads\/2020\/04\/unnamed-6.png 120w, https:\/\/www.amplifica.me\/simplifica\/wp-content\/uploads\/2020\/04\/unnamed-6-100x100.png 100w\" sizes=\"(max-width: 120px) 100vw, 120px\" \/><\/a><figcaption><a href=\"https:\/\/classroom.google.com\/welcome\" target=\"_blank\" rel=\"noreferrer noopener\">Google Classroom<\/a><\/figcaption><\/figure><\/div>\n\n\n\n<div style=\"height:41px\" aria-hidden=\"true\" class=\"wp-block-spacer\"><\/div>\n\n\n\n<div class=\"wp-block-image\"><figure class=\"aligncenter size-large\"><a href=\"https:\/\/groups.google.com\/\"><img loading=\"lazy\" width=\"120\" height=\"120\" src=\"https:\/\/www.amplifica.me\/simplifica\/wp-content\/uploads\/2020\/04\/unnamed-9.png\" alt=\"\" class=\"wp-image-1414\" srcset=\"https:\/\/www.amplifica.me\/simplifica\/wp-content\/uploads\/2020\/04\/unnamed-9.png 120w, https:\/\/www.amplifica.me\/simplifica\/wp-content\/uploads\/2020\/04\/unnamed-9-100x100.png 100w\" sizes=\"(max-width: 120px) 100vw, 120px\" \/><\/a><figcaption><a href=\"https:\/\/groups.google.com\/\" target=\"_blank\" rel=\"noreferrer noopener\">Grupos Google<\/a><\/figcaption><\/figure><\/div>\n\n\n\n<div style=\"height:41px\" aria-hidden=\"true\" class=\"wp-block-spacer\"><\/div>\n\n\n\n<div class=\"wp-block-image\"><figure class=\"aligncenter size-large is-resized\"><a href=\"https:\/\/www.mentimeter.com\/\"><img loading=\"lazy\" src=\"https:\/\/www.amplifica.me\/simplifica\/wp-content\/uploads\/2020\/04\/download.png\" alt=\"\" class=\"wp-image-1422\" width=\"120\" height=\"120\" srcset=\"https:\/\/www.amplifica.me\/simplifica\/wp-content\/uploads\/2020\/04\/download.png 225w, https:\/\/www.amplifica.me\/simplifica\/wp-content\/uploads\/2020\/04\/download-150x150.png 150w, https:\/\/www.amplifica.me\/simplifica\/wp-content\/uploads\/2020\/04\/download-100x100.png 100w, https:\/\/www.amplifica.me\/simplifica\/wp-content\/uploads\/2020\/04\/download-120x120.png 120w\" sizes=\"(max-width: 120px) 100vw, 120px\" \/><\/a><figcaption><a href=\"https:\/\/www.mentimeter.com\/\" target=\"_blank\" rel=\"noreferrer noopener\">Mentimeter<\/a><\/figcaption><\/figure><\/div>\n\n\n\n<div style=\"height:41px\" aria-hidden=\"true\" class=\"wp-block-spacer\"><\/div>\n\n\n\n<div class=\"wp-block-image\"><figure class=\"aligncenter size-large is-resized\"><a href=\"https:\/\/miro.com\/\"><img loading=\"lazy\" src=\"https:\/\/www.amplifica.me\/simplifica\/wp-content\/uploads\/2020\/04\/download-1.png\" alt=\"\" class=\"wp-image-1428\" width=\"120\" height=\"120\" srcset=\"https:\/\/www.amplifica.me\/simplifica\/wp-content\/uploads\/2020\/04\/download-1.png 225w, https:\/\/www.amplifica.me\/simplifica\/wp-content\/uploads\/2020\/04\/download-1-150x150.png 150w, https:\/\/www.amplifica.me\/simplifica\/wp-content\/uploads\/2020\/04\/download-1-100x100.png 100w, https:\/\/www.amplifica.me\/simplifica\/wp-content\/uploads\/2020\/04\/download-1-120x120.png 120w\" sizes=\"(max-width: 120px) 100vw, 120px\" \/><\/a><figcaption><a href=\"https:\/\/miro.com\/\" target=\"_blank\" rel=\"noreferrer noopener\">Miro<\/a><\/figcaption><\/figure><\/div>\n<\/div>\n<\/div>\n","protected":false},"excerpt":{"rendered":"<p>Uma lista das ferramentas que usamos em nosso dia a dia, e tamb\u00e9m durante o desenvolvimento do programa Simplifica, que podem ajudar voc\u00ea durante esse&#8230;<\/p>\n","protected":false},"author":1,"featured_media":0,"parent":783,"menu_order":4,"comment_status":"closed","ping_status":"closed","template":"page-templates\/page-fullwidth.php","meta":{"_mi_skip_tracking":false},"tags":[],"yoast_head":"<!-- This site is optimized with the Yoast SEO plugin v18.7 - https:\/\/yoast.com\/wordpress\/plugins\/seo\/ -->\n<title>Ferramentas - Simplifica<\/title>\n<meta name=\"description\" content=\"Uma lista das ferramentas que usamos e que podem te ajudar durante este per\u00edodo de ensino online.\" \/>\n<meta name=\"robots\" content=\"index, follow, max-snippet:-1, max-image-preview:large, max-video-preview:-1\" \/>\n<link rel=\"canonical\" href=\"https:\/\/www.amplifica.me\/simplifica\/?page_id=1204\" \/>\n<meta property=\"og:locale\" content=\"pt_BR\" \/>\n<meta property=\"og:type\" content=\"article\" \/>\n<meta property=\"og:title\" content=\"Sugest\u00f5es de Ferramentas - Simplifica\" \/>\n<meta property=\"og:description\" content=\"Uma lista das ferramentas que usamos e que podem te ajudar durante este per\u00edodo de ensino online.\" \/>\n<meta property=\"og:url\" content=\"https:\/\/www.amplifica.me\/simplifica\/?page_id=1204\" \/>\n<meta property=\"og:site_name\" content=\"Simplifica\" \/>\n<meta property=\"article:modified_time\" content=\"2020-05-09T15:10:18+00:00\" \/>\n<meta property=\"og:image\" content=\"https:\/\/www.amplifica.me\/simplifica\/wp-content\/uploads\/2020\/04\/thumb-geral-simplifica-04.png\" \/>\n\t<meta property=\"og:image:width\" content=\"870\" \/>\n\t<meta property=\"og:image:height\" content=\"452\" \/>\n\t<meta property=\"og:image:type\" content=\"image\/png\" \/>\n<meta name=\"twitter:card\" content=\"summary_large_image\" \/>\n<meta name=\"twitter:title\" content=\"Sugest\u00f5es de Ferramentas - Simplifica\" \/>\n<meta name=\"twitter:description\" content=\"Uma lista das ferramentas que usamos e que podem te ajudar durante este per\u00edodo de ensino online.\" \/>\n<meta name=\"twitter:image\" content=\"https:\/\/www.amplifica.me\/simplifica\/wp-content\/uploads\/2020\/04\/thumb-geral-simplifica-04.png\" \/>\n<script type=\"application\/ld+json\" class=\"yoast-schema-graph\">{\"@context\":\"https:\/\/schema.org\",\"@graph\":[{\"@type\":\"WebSite\",\"@id\":\"https:\/\/www.amplifica.me\/simplifica\/#website\",\"url\":\"https:\/\/www.amplifica.me\/simplifica\/\",\"name\":\"Simplifica\",\"description\":\"Experi\u00eancias de Aprendizagem Gratuitas\",\"potentialAction\":[{\"@type\":\"SearchAction\",\"target\":{\"@type\":\"EntryPoint\",\"urlTemplate\":\"https:\/\/www.amplifica.me\/simplifica\/?s={search_term_string}\"},\"query-input\":\"required name=search_term_string\"}],\"inLanguage\":\"pt-BR\"},{\"@type\":\"ImageObject\",\"inLanguage\":\"pt-BR\",\"@id\":\"https:\/\/www.amplifica.me\/simplifica\/?page_id=1204#primaryimage\",\"url\":\"https:\/\/www.amplifica.me\/simplifica\/wp-content\/uploads\/2020\/04\/thumb-geral-simplifica-04.png\",\"contentUrl\":\"https:\/\/www.amplifica.me\/simplifica\/wp-content\/uploads\/2020\/04\/thumb-geral-simplifica-04.png\",\"width\":870,\"height\":452,\"caption\":\"Simplifica\"},{\"@type\":\"WebPage\",\"@id\":\"https:\/\/www.amplifica.me\/simplifica\/?page_id=1204#webpage\",\"url\":\"https:\/\/www.amplifica.me\/simplifica\/?page_id=1204\",\"name\":\"Ferramentas - Simplifica\",\"isPartOf\":{\"@id\":\"https:\/\/www.amplifica.me\/simplifica\/#website\"},\"primaryImageOfPage\":{\"@id\":\"https:\/\/www.amplifica.me\/simplifica\/?page_id=1204#primaryimage\"},\"datePublished\":\"2020-04-27T19:51:24+00:00\",\"dateModified\":\"2020-05-09T15:10:18+00:00\",\"description\":\"Uma lista das ferramentas que usamos e que podem te ajudar durante este per\u00edodo de ensino online.\",\"breadcrumb\":{\"@id\":\"https:\/\/www.amplifica.me\/simplifica\/?page_id=1204#breadcrumb\"},\"inLanguage\":\"pt-BR\",\"potentialAction\":[{\"@type\":\"ReadAction\",\"target\":[\"https:\/\/www.amplifica.me\/simplifica\/?page_id=1204\"]}]},{\"@type\":\"BreadcrumbList\",\"@id\":\"https:\/\/www.amplifica.me\/simplifica\/?page_id=1204#breadcrumb\",\"itemListElement\":[{\"@type\":\"ListItem\",\"position\":1,\"name\":\"In\u00edcio\",\"item\":\"https:\/\/www.amplifica.me\/simplifica\/\"},{\"@type\":\"ListItem\",\"position\":2,\"name\":\"Extras\",\"item\":\"https:\/\/www.amplifica.me\/simplifica\/?page_id=783\"},{\"@type\":\"ListItem\",\"position\":3,\"name\":\"Ferramentas\"}]}]}<\/script>\n<!-- \/ Yoast SEO plugin. -->","yoast_head_json":{"title":"Ferramentas - Simplifica","description":"Uma lista das ferramentas que usamos e que podem te ajudar durante este per\u00edodo de ensino online.","robots":{"index":"index","follow":"follow","max-snippet":"max-snippet:-1","max-image-preview":"max-image-preview:large","max-video-preview":"max-video-preview:-1"},"canonical":"https:\/\/www.amplifica.me\/simplifica\/?page_id=1204","og_locale":"pt_BR","og_type":"article","og_title":"Sugest\u00f5es de Ferramentas - Simplifica","og_description":"Uma lista das ferramentas que usamos e que podem te ajudar durante este per\u00edodo de ensino online.","og_url":"https:\/\/www.amplifica.me\/simplifica\/?page_id=1204","og_site_name":"Simplifica","article_modified_time":"2020-05-09T15:10:18+00:00","og_image":[{"width":870,"height":452,"url":"https:\/\/www.amplifica.me\/simplifica\/wp-content\/uploads\/2020\/04\/thumb-geral-simplifica-04.png","type":"image\/png"}],"twitter_card":"summary_large_image","twitter_title":"Sugest\u00f5es de Ferramentas - Simplifica","twitter_description":"Uma lista das ferramentas que usamos e que podem te ajudar durante este per\u00edodo de ensino online.","twitter_image":"https:\/\/www.amplifica.me\/simplifica\/wp-content\/uploads\/2020\/04\/thumb-geral-simplifica-04.png","schema":{"@context":"https:\/\/schema.org","@graph":[{"@type":"WebSite","@id":"https:\/\/www.amplifica.me\/simplifica\/#website","url":"https:\/\/www.amplifica.me\/simplifica\/","name":"Simplifica","description":"Experi\u00eancias de Aprendizagem Gratuitas","potentialAction":[{"@type":"SearchAction","target":{"@type":"EntryPoint","urlTemplate":"https:\/\/www.amplifica.me\/simplifica\/?s={search_term_string}"},"query-input":"required name=search_term_string"}],"inLanguage":"pt-BR"},{"@type":"ImageObject","inLanguage":"pt-BR","@id":"https:\/\/www.amplifica.me\/simplifica\/?page_id=1204#primaryimage","url":"https:\/\/www.amplifica.me\/simplifica\/wp-content\/uploads\/2020\/04\/thumb-geral-simplifica-04.png","contentUrl":"https:\/\/www.amplifica.me\/simplifica\/wp-content\/uploads\/2020\/04\/thumb-geral-simplifica-04.png","width":870,"height":452,"caption":"Simplifica"},{"@type":"WebPage","@id":"https:\/\/www.amplifica.me\/simplifica\/?page_id=1204#webpage","url":"https:\/\/www.amplifica.me\/simplifica\/?page_id=1204","name":"Ferramentas - Simplifica","isPartOf":{"@id":"https:\/\/www.amplifica.me\/simplifica\/#website"},"primaryImageOfPage":{"@id":"https:\/\/www.amplifica.me\/simplifica\/?page_id=1204#primaryimage"},"datePublished":"2020-04-27T19:51:24+00:00","dateModified":"2020-05-09T15:10:18+00:00","description":"Uma lista das ferramentas que usamos e que podem te ajudar durante este per\u00edodo de ensino online.","breadcrumb":{"@id":"https:\/\/www.amplifica.me\/simplifica\/?page_id=1204#breadcrumb"},"inLanguage":"pt-BR","potentialAction":[{"@type":"ReadAction","target":["https:\/\/www.amplifica.me\/simplifica\/?page_id=1204"]}]},{"@type":"BreadcrumbList","@id":"https:\/\/www.amplifica.me\/simplifica\/?page_id=1204#breadcrumb","itemListElement":[{"@type":"ListItem","position":1,"name":"In\u00edcio","item":"https:\/\/www.amplifica.me\/simplifica\/"},{"@type":"ListItem","position":2,"name":"Extras","item":"https:\/\/www.amplifica.me\/simplifica\/?page_id=783"},{"@type":"ListItem","position":3,"name":"Ferramentas"}]}]}},"_links":{"self":[{"href":"https:\/\/www.amplifica.me\/simplifica\/index.php?rest_route=\/wp\/v2\/pages\/1204"}],"collection":[{"href":"https:\/\/www.amplifica.me\/simplifica\/index.php?rest_route=\/wp\/v2\/pages"}],"about":[{"href":"https:\/\/www.amplifica.me\/simplifica\/index.php?rest_route=\/wp\/v2\/types\/page"}],"author":[{"embeddable":true,"href":"https:\/\/www.amplifica.me\/simplifica\/index.php?rest_route=\/wp\/v2\/users\/1"}],"replies":[{"embeddable":true,"href":"https:\/\/www.amplifica.me\/simplifica\/index.php?rest_route=%2Fwp%2Fv2%2Fcomments&post=1204"}],"version-history":[{"count":7,"href":"https:\/\/www.amplifica.me\/simplifica\/index.php?rest_route=\/wp\/v2\/pages\/1204\/revisions"}],"predecessor-version":[{"id":1497,"href":"https:\/\/www.amplifica.me\/simplifica\/index.php?rest_route=\/wp\/v2\/pages\/1204\/revisions\/1497"}],"up":[{"embeddable":true,"href":"https:\/\/www.amplifica.me\/simplifica\/index.php?rest_route=\/wp\/v2\/pages\/783"}],"wp:attachment":[{"href":"https:\/\/www.amplifica.me\/simplifica\/index.php?rest_route=%2Fwp%2Fv2%2Fmedia&parent=1204"}],"wp:term":[{"taxonomy":"post_tag","embeddable":true,"href":"https:\/\/www.amplifica.me\/simplifica\/index.php?rest_route=%2Fwp%2Fv2%2Ftags&post=1204"}],"curies":[{"name":"wp","href":"https:\/\/api.w.org\/{rel}","templated":true}]}}