{"id":1208,"date":"2020-04-27T16:53:53","date_gmt":"2020-04-27T19:53:53","guid":{"rendered":"https:\/\/www.amplifica.me\/simplifica\/?page_id=1208"},"modified":"2020-05-09T12:07:44","modified_gmt":"2020-05-09T15:07:44","slug":"dicas-para-contextualizar","status":"publish","type":"page","link":"https:\/\/www.amplifica.me\/simplifica\/?page_id=1208","title":{"rendered":"Dicas para contextualizar"},"content":{"rendered":"\n<p style=\"font-size:26px\"><strong>10 dicas para contextualizar os conte\u00fados em sua comunidade educacional<\/strong><\/p>\n\n\n\n<div style=\"height:20px\" aria-hidden=\"true\" class=\"wp-block-spacer\"><\/div>\n\n\n\n<p>Em que momento devemos adaptar as experi\u00eancias do <strong>Simplifica<\/strong>? Em todos os momentos que voc\u00ea julgar necess\u00e1rio. As adapta\u00e7\u00f5es n\u00e3o precisam ser realizadas s\u00f3 quando encontramos dificuldades.\u00a0O seu espa\u00e7o de ensino-aprendizagem acolhe uma pluralidade de perfis e o desejo de ajud\u00e1-los a desenvolver suas potencialidades \u00e9 muito saud\u00e1vel. Preparamos 10 dicas para ajudar voc\u00ea nesse processo. <\/p>\n\n\n\n<p><\/p>\n\n\n\n<div style=\"height:20px\" aria-hidden=\"true\" class=\"wp-block-spacer\"><\/div>\n\n\n\n<div class=\"wp-block-columns\">\n<div class=\"wp-block-column\" style=\"flex-basis:33.33%\">\n<div class=\"wp-block-cover has-very-dark-gray-background-color has-background-dim\" style=\"background-image:url(https:\/\/www.amplifica.me\/simplifica\/wp-content\/uploads\/2020\/04\/table-3281047_640.jpg);min-height:100px\"><div class=\"wp-block-cover__inner-container\">\n<p style=\"font-size:60px\" class=\"has-text-color has-text-align-center has-very-light-gray-color\">01<\/p>\n<\/div><\/div>\n<\/div>\n\n\n\n<div class=\"wp-block-column\" style=\"flex-basis:66.66%\">\n<p>Ajuste as trilhas semanais para que possam ser apresentadas em formatos diferentes. Por exemplo, vers\u00f5es mais personalizadas, offline, ou com maior janela de tempo para a conclus\u00e3o.<\/p>\n<\/div>\n<\/div>\n\n\n\n<hr class=\"wp-block-separator is-style-wide\"\/>\n\n\n\n<div class=\"wp-block-columns\">\n<div class=\"wp-block-column\" style=\"flex-basis:33.33%\">\n<div class=\"wp-block-cover has-very-dark-gray-background-color has-background-dim\" style=\"background-image:url(https:\/\/www.amplifica.me\/simplifica\/wp-content\/uploads\/2020\/04\/book-1822474_640.jpg);min-height:100px\"><div class=\"wp-block-cover__inner-container\">\n<p style=\"font-size:60px\" class=\"has-text-color has-text-align-center has-very-light-gray-color\">02<\/p>\n<\/div><\/div>\n<\/div>\n\n\n\n<div class=\"wp-block-column\" style=\"flex-basis:66.66%\">\n<p>Ofere\u00e7a material complementar para evidenciar os objetivos de aprendizagem de cada experi\u00eancia. Os livros did\u00e1ticos e recursos j\u00e1 conhecidos&nbsp; por seus alunos s\u00e3o uma \u00f3tima forma de conectar as trilhas di\u00e1rias ao que j\u00e1 vinha sendo abordado em suas aulas.&nbsp; Crie uma lista de leituras de aprofundamento para os seus alunos.&nbsp; Um outro excelente exemplo de recurso complementar \u00e9 o portal da <a href=\"https:\/\/pt.khanacademy.org\/brasil?utm_account=AdWords&amp;utm_campaignname=Paid_Brasil_Inst&amp;gclid=CjwKCAjwnIr1BRAWEiwA6GpwNaKs1PpukC3u0QQPNX-HM7-7dqpvyKi7H0BaZxufUhifGnAbVn4CqxoCjzgQAvD_BwE\">Khan Academy Brasil<\/a>.<\/p>\n<\/div>\n<\/div>\n\n\n\n<hr class=\"wp-block-separator is-style-wide\"\/>\n\n\n\n<div class=\"wp-block-columns\">\n<div class=\"wp-block-column\" style=\"flex-basis:33.33%\">\n<div class=\"wp-block-cover has-very-dark-gray-background-color has-background-dim\" style=\"background-image:url(https:\/\/www.amplifica.me\/simplifica\/wp-content\/uploads\/2020\/04\/student-849828_640.jpg);min-height:100px\"><div class=\"wp-block-cover__inner-container\">\n<p style=\"font-size:60px\" class=\"has-text-color has-text-align-center has-very-light-gray-color\">03<\/p>\n<\/div><\/div>\n\n\n\n<p><\/p>\n<\/div>\n\n\n\n<div class=\"wp-block-column\" style=\"flex-basis:66.66%\">\n<p>Esclare\u00e7a, previamente, as palavras e instru\u00e7\u00f5es desconhecidas por seus alunos. Que tal criar um gloss\u00e1rio, ou enviar os termos e instru\u00e7\u00f5es da semana via whatsapp ou SMS?&nbsp; Caso tenha acesso a um ambiente digital compartilhado, crie uma \u00e1rea para esses esclarecimentos.<\/p>\n<\/div>\n<\/div>\n\n\n\n<hr class=\"wp-block-separator is-style-wide\"\/>\n\n\n\n<div class=\"wp-block-columns\">\n<div class=\"wp-block-column\" style=\"flex-basis:33.33%\">\n<div class=\"wp-block-cover has-very-dark-gray-background-color has-background-dim\" style=\"background-image:url(https:\/\/www.amplifica.me\/simplifica\/wp-content\/uploads\/2020\/04\/pieces-of-the-puzzle-592798_640.jpg);min-height:100px\"><div class=\"wp-block-cover__inner-container\">\n<p style=\"font-size:60px\" class=\"has-text-color has-text-align-center has-very-light-gray-color\">04<\/p>\n<\/div><\/div>\n\n\n\n<p><\/p>\n<\/div>\n\n\n\n<div class=\"wp-block-column\" style=\"flex-basis:66.66%\">\n<p>N\u00e3o tenha medo de \u201cdesorganizar\u201d as trilhas. Encontre uma sequ\u00eancia e frequ\u00eancia que seja realiz\u00e1vel em seu contexto. Por exemplo, voc\u00ea pode alternar as aulas regulares e as experi\u00eancias para melhor fixar o conte\u00fado programado para aquela semana.<\/p>\n<\/div>\n<\/div>\n\n\n\n<hr class=\"wp-block-separator is-style-wide\"\/>\n\n\n\n<div class=\"wp-block-columns\">\n<div class=\"wp-block-column\" style=\"flex-basis:33.33%\">\n<div class=\"wp-block-cover has-very-dark-gray-background-color has-background-dim\" style=\"background-image:url(https:\/\/www.amplifica.me\/simplifica\/wp-content\/uploads\/2020\/04\/paper-3146951_640.jpg);min-height:100px\"><div class=\"wp-block-cover__inner-container\">\n<p style=\"font-size:60px\" class=\"has-text-color has-text-align-center has-very-light-gray-color\">05<\/p>\n<\/div><\/div>\n\n\n\n<p><\/p>\n<\/div>\n\n\n\n<div class=\"wp-block-column\" style=\"flex-basis:66.66%\">\n<p>Os Di\u00e1rios de Bordo funcionam como um registro, em tempo real, do aproveitamento de seus alunos. Estabele\u00e7a o melhor formato de receber essas anota\u00e7\u00f5es semanais. As mensagens de texto via SMS podem ser uma alternativa inclusiva para aqueles alunos com baixa conectividade. Caso os seus alunos tenham acesso a um ambiente digital de aprendizagem, como uma sala de aula Google, crie entregas do Di\u00e1rio de Bordo,&nbsp; no calend\u00e1rio da turma, e as envie para todos os alunos.&nbsp;<\/p>\n<\/div>\n<\/div>\n\n\n\n<hr class=\"wp-block-separator is-style-wide\"\/>\n\n\n\n<div class=\"wp-block-columns\">\n<div class=\"wp-block-column\" style=\"flex-basis:33.33%\">\n<div class=\"wp-block-cover has-very-dark-gray-background-color has-background-dim\" style=\"background-image:url(https:\/\/www.amplifica.me\/simplifica\/wp-content\/uploads\/2020\/04\/headphones-2591890_640.jpg);min-height:100px\"><div class=\"wp-block-cover__inner-container\">\n<p style=\"font-size:60px\" class=\"has-text-color has-text-align-center has-very-light-gray-color\">06<\/p>\n<\/div><\/div>\n\n\n\n<p><\/p>\n<\/div>\n\n\n\n<div class=\"wp-block-column\" style=\"flex-basis:66.66%\">\n<p>Forne\u00e7a alternativas de \u00e1udio para&nbsp; a expans\u00e3o de qualquer conte\u00fado de texto. Utilize essas p\u00edlulas de voz como uma alternativa para suas interven\u00e7\u00f5es e explica\u00e7\u00f5es \u00e0 dist\u00e2ncia. Dessa forma, alunos com baixo letramento ou com necessidades especiais&nbsp; se sentir\u00e3o contemplados e assistidos. Voc\u00ea poder\u00e1 gravar arquivos de \u00e1udio, usando o seu celular ou ferramentas que encontrar\u00e1&nbsp; na web.<\/p>\n<\/div>\n<\/div>\n\n\n\n<hr class=\"wp-block-separator is-style-wide\"\/>\n\n\n\n<div class=\"wp-block-columns\">\n<div class=\"wp-block-column\" style=\"flex-basis:33.33%\">\n<div class=\"wp-block-cover has-very-dark-gray-background-color has-background-dim\" style=\"background-image:url(https:\/\/www.amplifica.me\/simplifica\/wp-content\/uploads\/2020\/04\/children-183007_640.jpg);min-height:100px\"><div class=\"wp-block-cover__inner-container\">\n<p style=\"font-size:60px\" class=\"has-text-color has-text-align-center has-very-light-gray-color\">07<\/p>\n<\/div><\/div>\n\n\n\n<p><\/p>\n<\/div>\n\n\n\n<div class=\"wp-block-column\" style=\"flex-basis:66.66%\">\n<p>Para estimular a comunica\u00e7\u00e3o entre alunos e a colabora\u00e7\u00e3o aplicada, organize-os em equipes, cada um com uma tarefa, mas com informa\u00e7\u00f5es diferentes. Cada grupo poder\u00e1 consultar as demais equipes a fim de encontrar as informa\u00e7\u00f5es necess\u00e1rias para a conclus\u00e3o da tarefa. Essa \u00e9 uma oportunidade para a cria\u00e7\u00e3o de desafios semanais de expans\u00e3o de conhecimento. Caso queira, use as se\u00e7\u00f5es&nbsp; \u201cPara saber Mais\u201d como fonte de inspira\u00e7\u00e3o para os desafios.&nbsp;<\/p>\n<\/div>\n<\/div>\n\n\n\n<hr class=\"wp-block-separator is-style-wide\"\/>\n\n\n\n<div class=\"wp-block-columns\">\n<div class=\"wp-block-column\" style=\"flex-basis:33.33%\">\n<div class=\"wp-block-cover has-very-dark-gray-background-color has-background-dim\" style=\"background-image:url(https:\/\/www.amplifica.me\/simplifica\/wp-content\/uploads\/2020\/04\/girl-1176165_640.jpg);min-height:100px\"><div class=\"wp-block-cover__inner-container\">\n<p style=\"font-size:60px\" class=\"has-text-color has-text-align-center has-very-light-gray-color\">08<\/p>\n<\/div><\/div>\n\n\n\n<p><\/p>\n<\/div>\n\n\n\n<div class=\"wp-block-column\" style=\"flex-basis:66.66%\">\n<p>Incorpore momentos de \u201caluno tutor\u201d&nbsp; e pe\u00e7a&nbsp; aos estudantes, com maior profici\u00eancia digital, que ensinem os outros alunos, ou professores, a utilizarem ferramentas, como mensagens de texto, whatsapp, c\u00e2mera, ferramentas Google, ou qualquer outro recurso relevante para o compartilhamento e execu\u00e7\u00e3o das experi\u00eancias. Essa, tamb\u00e9m, \u00e9 uma \u00f3tima maneira de desafiar aqueles alunos que estejam achando as atividades propostas pouco desafiadoras.<\/p>\n<\/div>\n<\/div>\n\n\n\n<hr class=\"wp-block-separator is-style-wide\"\/>\n\n\n\n<div class=\"wp-block-columns\">\n<div class=\"wp-block-column\" style=\"flex-basis:33.33%\">\n<div class=\"wp-block-cover has-very-dark-gray-background-color has-background-dim\" style=\"background-image:url(https:\/\/www.amplifica.me\/simplifica\/wp-content\/uploads\/2020\/04\/child-865116_640.jpg);min-height:100px\"><div class=\"wp-block-cover__inner-container\">\n<p style=\"font-size:60px\" class=\"has-text-color has-text-align-center has-very-light-gray-color\">09<\/p>\n<\/div><\/div>\n\n\n\n<p><\/p>\n<\/div>\n\n\n\n<div class=\"wp-block-column\" style=\"flex-basis:66.66%\">\n<p>Repita alguns padr\u00f5es e estrat\u00e9gias nas primeiras semanas para ajudar os seus alunos a&nbsp; descobrirem como aprendem melhor. Por exemplo, sempre pe\u00e7a para que anotem as d\u00favidas que surgem, em cada experi\u00eancia, em seus Di\u00e1rios de Bordo para que possam ser resgatadas durante os momentos \u201cao vivo\u201d com voc\u00ea.&nbsp;<\/p>\n<\/div>\n<\/div>\n\n\n\n<hr class=\"wp-block-separator is-style-wide\"\/>\n\n\n\n<div class=\"wp-block-columns\">\n<div class=\"wp-block-column\" style=\"flex-basis:33.33%\">\n<div class=\"wp-block-cover has-very-dark-gray-background-color has-background-dim\" style=\"background-image:url(https:\/\/www.amplifica.me\/simplifica\/wp-content\/uploads\/2020\/04\/kaleidoscope-2186166_640.jpg);min-height:100px\"><div class=\"wp-block-cover__inner-container\">\n<p style=\"font-size:60px\" class=\"has-text-color has-text-align-center has-very-light-gray-color\">10<\/p>\n<\/div><\/div>\n\n\n\n<p><\/p>\n<\/div>\n\n\n\n<div class=\"wp-block-column\" style=\"flex-basis:66.66%\">\n<p>Planeje as experi\u00eancias sob uma lente transdisciplinar. Promova conex\u00f5es entre as disciplinas. Torne a sua jornada Simplifica uma a\u00e7\u00e3o coletiva, em sua rede escolar.<\/p>\n<\/div>\n<\/div>\n","protected":false},"excerpt":{"rendered":"<p>10 dicas para contextualizar os conte\u00fados em sua comunidade educacional Em que momento devemos adaptar as experi\u00eancias do Simplifica? Em todos os momentos que voc\u00ea&#8230;<\/p>\n","protected":false},"author":1,"featured_media":0,"parent":783,"menu_order":0,"comment_status":"closed","ping_status":"closed","template":"page-templates\/page-fullwidth.php","meta":{"_mi_skip_tracking":false},"tags":[],"yoast_head":"<!-- This site is optimized with the Yoast SEO plugin v18.7 - https:\/\/yoast.com\/wordpress\/plugins\/seo\/ -->\n<title>Dicas para contextualizar - Simplifica<\/title>\n<meta name=\"description\" content=\"Em que momento devemos adaptar as experi\u00eancias do Simplifica? Sempre que voc\u00ea julgar necess\u00e1rio. Preparamos 10 dicas para ajudar nesse processo.\" \/>\n<meta name=\"robots\" content=\"index, follow, max-snippet:-1, max-image-preview:large, max-video-preview:-1\" \/>\n<link rel=\"canonical\" href=\"https:\/\/www.amplifica.me\/simplifica\/?page_id=1208\" \/>\n<meta property=\"og:locale\" content=\"pt_BR\" \/>\n<meta property=\"og:type\" content=\"article\" \/>\n<meta property=\"og:title\" content=\"Dicas para contextualizar os conte\u00fados Simplifica\" \/>\n<meta property=\"og:description\" content=\"Em que momento devemos adaptar as experi\u00eancias do Simplifica? Em todos os momentos que voc\u00ea julgar necess\u00e1rio.\" \/>\n<meta property=\"og:url\" content=\"https:\/\/www.amplifica.me\/simplifica\/?page_id=1208\" \/>\n<meta property=\"og:site_name\" content=\"Simplifica\" \/>\n<meta property=\"article:modified_time\" content=\"2020-05-09T15:07:44+00:00\" \/>\n<meta property=\"og:image\" content=\"https:\/\/www.amplifica.me\/simplifica\/wp-content\/uploads\/2020\/04\/thumb-geral-simplifica-05.png\" \/>\n\t<meta property=\"og:image:width\" content=\"870\" \/>\n\t<meta property=\"og:image:height\" content=\"452\" \/>\n\t<meta property=\"og:image:type\" content=\"image\/png\" \/>\n<meta name=\"twitter:card\" content=\"summary_large_image\" \/>\n<meta name=\"twitter:title\" content=\"Dicas para contextualizar os conte\u00fados Simplifica\" \/>\n<meta name=\"twitter:description\" content=\"Em que momento devemos adaptar as experi\u00eancias do Simplifica? Em todos os momentos que voc\u00ea julgar necess\u00e1rio.\" \/>\n<meta name=\"twitter:image\" content=\"https:\/\/www.amplifica.me\/simplifica\/wp-content\/uploads\/2020\/04\/thumb-geral-simplifica-05.png\" \/>\n<meta name=\"twitter:label1\" content=\"Est. tempo de leitura\" \/>\n\t<meta name=\"twitter:data1\" content=\"3 minutos\" \/>\n<script type=\"application\/ld+json\" class=\"yoast-schema-graph\">{\"@context\":\"https:\/\/schema.org\",\"@graph\":[{\"@type\":\"WebSite\",\"@id\":\"https:\/\/www.amplifica.me\/simplifica\/#website\",\"url\":\"https:\/\/www.amplifica.me\/simplifica\/\",\"name\":\"Simplifica\",\"description\":\"Experi\u00eancias de Aprendizagem Gratuitas\",\"potentialAction\":[{\"@type\":\"SearchAction\",\"target\":{\"@type\":\"EntryPoint\",\"urlTemplate\":\"https:\/\/www.amplifica.me\/simplifica\/?s={search_term_string}\"},\"query-input\":\"required name=search_term_string\"}],\"inLanguage\":\"pt-BR\"},{\"@type\":\"ImageObject\",\"inLanguage\":\"pt-BR\",\"@id\":\"https:\/\/www.amplifica.me\/simplifica\/?page_id=1208#primaryimage\",\"url\":\"https:\/\/www.amplifica.me\/simplifica\/wp-content\/uploads\/2020\/04\/thumb-geral-simplifica-05.png\",\"contentUrl\":\"https:\/\/www.amplifica.me\/simplifica\/wp-content\/uploads\/2020\/04\/thumb-geral-simplifica-05.png\",\"width\":870,\"height\":452,\"caption\":\"Simplifica\"},{\"@type\":\"WebPage\",\"@id\":\"https:\/\/www.amplifica.me\/simplifica\/?page_id=1208#webpage\",\"url\":\"https:\/\/www.amplifica.me\/simplifica\/?page_id=1208\",\"name\":\"Dicas para contextualizar - Simplifica\",\"isPartOf\":{\"@id\":\"https:\/\/www.amplifica.me\/simplifica\/#website\"},\"primaryImageOfPage\":{\"@id\":\"https:\/\/www.amplifica.me\/simplifica\/?page_id=1208#primaryimage\"},\"datePublished\":\"2020-04-27T19:53:53+00:00\",\"dateModified\":\"2020-05-09T15:07:44+00:00\",\"description\":\"Em que momento devemos adaptar as experi\u00eancias do Simplifica? Sempre que voc\u00ea julgar necess\u00e1rio. Preparamos 10 dicas para ajudar nesse processo.\",\"breadcrumb\":{\"@id\":\"https:\/\/www.amplifica.me\/simplifica\/?page_id=1208#breadcrumb\"},\"inLanguage\":\"pt-BR\",\"potentialAction\":[{\"@type\":\"ReadAction\",\"target\":[\"https:\/\/www.amplifica.me\/simplifica\/?page_id=1208\"]}]},{\"@type\":\"BreadcrumbList\",\"@id\":\"https:\/\/www.amplifica.me\/simplifica\/?page_id=1208#breadcrumb\",\"itemListElement\":[{\"@type\":\"ListItem\",\"position\":1,\"name\":\"In\u00edcio\",\"item\":\"https:\/\/www.amplifica.me\/simplifica\/\"},{\"@type\":\"ListItem\",\"position\":2,\"name\":\"Extras\",\"item\":\"https:\/\/www.amplifica.me\/simplifica\/?page_id=783\"},{\"@type\":\"ListItem\",\"position\":3,\"name\":\"Dicas para contextualizar\"}]}]}<\/script>\n<!-- \/ Yoast SEO plugin. -->","yoast_head_json":{"title":"Dicas para contextualizar - Simplifica","description":"Em que momento devemos adaptar as experi\u00eancias do Simplifica? Sempre que voc\u00ea julgar necess\u00e1rio. Preparamos 10 dicas para ajudar nesse processo.","robots":{"index":"index","follow":"follow","max-snippet":"max-snippet:-1","max-image-preview":"max-image-preview:large","max-video-preview":"max-video-preview:-1"},"canonical":"https:\/\/www.amplifica.me\/simplifica\/?page_id=1208","og_locale":"pt_BR","og_type":"article","og_title":"Dicas para contextualizar os conte\u00fados Simplifica","og_description":"Em que momento devemos adaptar as experi\u00eancias do Simplifica? Em todos os momentos que voc\u00ea julgar necess\u00e1rio.","og_url":"https:\/\/www.amplifica.me\/simplifica\/?page_id=1208","og_site_name":"Simplifica","article_modified_time":"2020-05-09T15:07:44+00:00","og_image":[{"width":870,"height":452,"url":"https:\/\/www.amplifica.me\/simplifica\/wp-content\/uploads\/2020\/04\/thumb-geral-simplifica-05.png","type":"image\/png"}],"twitter_card":"summary_large_image","twitter_title":"Dicas para contextualizar os conte\u00fados Simplifica","twitter_description":"Em que momento devemos adaptar as experi\u00eancias do Simplifica? Em todos os momentos que voc\u00ea julgar necess\u00e1rio.","twitter_image":"https:\/\/www.amplifica.me\/simplifica\/wp-content\/uploads\/2020\/04\/thumb-geral-simplifica-05.png","twitter_misc":{"Est. tempo de leitura":"3 minutos"},"schema":{"@context":"https:\/\/schema.org","@graph":[{"@type":"WebSite","@id":"https:\/\/www.amplifica.me\/simplifica\/#website","url":"https:\/\/www.amplifica.me\/simplifica\/","name":"Simplifica","description":"Experi\u00eancias de Aprendizagem Gratuitas","potentialAction":[{"@type":"SearchAction","target":{"@type":"EntryPoint","urlTemplate":"https:\/\/www.amplifica.me\/simplifica\/?s={search_term_string}"},"query-input":"required name=search_term_string"}],"inLanguage":"pt-BR"},{"@type":"ImageObject","inLanguage":"pt-BR","@id":"https:\/\/www.amplifica.me\/simplifica\/?page_id=1208#primaryimage","url":"https:\/\/www.amplifica.me\/simplifica\/wp-content\/uploads\/2020\/04\/thumb-geral-simplifica-05.png","contentUrl":"https:\/\/www.amplifica.me\/simplifica\/wp-content\/uploads\/2020\/04\/thumb-geral-simplifica-05.png","width":870,"height":452,"caption":"Simplifica"},{"@type":"WebPage","@id":"https:\/\/www.amplifica.me\/simplifica\/?page_id=1208#webpage","url":"https:\/\/www.amplifica.me\/simplifica\/?page_id=1208","name":"Dicas para contextualizar - Simplifica","isPartOf":{"@id":"https:\/\/www.amplifica.me\/simplifica\/#website"},"primaryImageOfPage":{"@id":"https:\/\/www.amplifica.me\/simplifica\/?page_id=1208#primaryimage"},"datePublished":"2020-04-27T19:53:53+00:00","dateModified":"2020-05-09T15:07:44+00:00","description":"Em que momento devemos adaptar as experi\u00eancias do Simplifica? Sempre que voc\u00ea julgar necess\u00e1rio. Preparamos 10 dicas para ajudar nesse processo.","breadcrumb":{"@id":"https:\/\/www.amplifica.me\/simplifica\/?page_id=1208#breadcrumb"},"inLanguage":"pt-BR","potentialAction":[{"@type":"ReadAction","target":["https:\/\/www.amplifica.me\/simplifica\/?page_id=1208"]}]},{"@type":"BreadcrumbList","@id":"https:\/\/www.amplifica.me\/simplifica\/?page_id=1208#breadcrumb","itemListElement":[{"@type":"ListItem","position":1,"name":"In\u00edcio","item":"https:\/\/www.amplifica.me\/simplifica\/"},{"@type":"ListItem","position":2,"name":"Extras","item":"https:\/\/www.amplifica.me\/simplifica\/?page_id=783"},{"@type":"ListItem","position":3,"name":"Dicas para contextualizar"}]}]}},"_links":{"self":[{"href":"https:\/\/www.amplifica.me\/simplifica\/index.php?rest_route=\/wp\/v2\/pages\/1208"}],"collection":[{"href":"https:\/\/www.amplifica.me\/simplifica\/index.php?rest_route=\/wp\/v2\/pages"}],"about":[{"href":"https:\/\/www.amplifica.me\/simplifica\/index.php?rest_route=\/wp\/v2\/types\/page"}],"author":[{"embeddable":true,"href":"https:\/\/www.amplifica.me\/simplifica\/index.php?rest_route=\/wp\/v2\/users\/1"}],"replies":[{"embeddable":true,"href":"https:\/\/www.amplifica.me\/simplifica\/index.php?rest_route=%2Fwp%2Fv2%2Fcomments&post=1208"}],"version-history":[{"count":23,"href":"https:\/\/www.amplifica.me\/simplifica\/index.php?rest_route=\/wp\/v2\/pages\/1208\/revisions"}],"predecessor-version":[{"id":1496,"href":"https:\/\/www.amplifica.me\/simplifica\/index.php?rest_route=\/wp\/v2\/pages\/1208\/revisions\/1496"}],"up":[{"embeddable":true,"href":"https:\/\/www.amplifica.me\/simplifica\/index.php?rest_route=\/wp\/v2\/pages\/783"}],"wp:attachment":[{"href":"https:\/\/www.amplifica.me\/simplifica\/index.php?rest_route=%2Fwp%2Fv2%2Fmedia&parent=1208"}],"wp:term":[{"taxonomy":"post_tag","embeddable":true,"href":"https:\/\/www.amplifica.me\/simplifica\/index.php?rest_route=%2Fwp%2Fv2%2Ftags&post=1208"}],"curies":[{"name":"wp","href":"https:\/\/api.w.org\/{rel}","templated":true}]}}