{"id":1210,"date":"2020-04-27T16:54:37","date_gmt":"2020-04-27T19:54:37","guid":{"rendered":"https:\/\/www.amplifica.me\/simplifica\/?page_id=1210"},"modified":"2020-05-09T12:09:55","modified_gmt":"2020-05-09T15:09:55","slug":"objetivos-de-desenvolvimento-sustentavel","status":"publish","type":"page","link":"https:\/\/www.amplifica.me\/simplifica\/?page_id=1210","title":{"rendered":"Objetivos de Desenvolvimento Sustent\u00e1vel"},"content":{"rendered":"\n<p class=\"has-medium-font-size\">Clique sobre os selos para conhecer melhor os Objetivos de Desenvolvimento Sustent\u00e1vel da Agenda 2030 da Organiza\u00e7\u00e3o das Na\u00e7\u00f5es Unidas (ONU) que guiaram escolha dos temas das trilhas de aprendizagem do programa <strong>Simplifica<\/strong>.<\/p>\n\n\n\n<div style=\"height:20px\" aria-hidden=\"true\" class=\"wp-block-spacer\"><\/div>\n\n\n\n<div class=\"wp-block-columns\">\n<div class=\"wp-block-column\">\n<figure class=\"wp-block-image size-large\"><a href=\"https:\/\/nacoesunidas.org\/pos2015\/ods1\/\"><img loading=\"lazy\" width=\"500\" height=\"500\" src=\"https:\/\/www.amplifica.me\/simplifica\/wp-content\/uploads\/2020\/04\/ods-1.png\" alt=\"\" class=\"wp-image-1274\" srcset=\"https:\/\/www.amplifica.me\/simplifica\/wp-content\/uploads\/2020\/04\/ods-1.png 500w, https:\/\/www.amplifica.me\/simplifica\/wp-content\/uploads\/2020\/04\/ods-1-300x300.png 300w, https:\/\/www.amplifica.me\/simplifica\/wp-content\/uploads\/2020\/04\/ods-1-150x150.png 150w, https:\/\/www.amplifica.me\/simplifica\/wp-content\/uploads\/2020\/04\/ods-1-100x100.png 100w, https:\/\/www.amplifica.me\/simplifica\/wp-content\/uploads\/2020\/04\/ods-1-450x450.png 450w, https:\/\/www.amplifica.me\/simplifica\/wp-content\/uploads\/2020\/04\/ods-1-120x120.png 120w\" sizes=\"(max-width: 500px) 100vw, 500px\" \/><\/a><\/figure>\n\n\n\n<figure class=\"wp-block-image size-large\"><a href=\"https:\/\/nacoesunidas.org\/pos2015\/ods4\/\"><img loading=\"lazy\" width=\"501\" height=\"501\" src=\"https:\/\/www.amplifica.me\/simplifica\/wp-content\/uploads\/2020\/04\/ods-4.png\" alt=\"\" class=\"wp-image-1277\" srcset=\"https:\/\/www.amplifica.me\/simplifica\/wp-content\/uploads\/2020\/04\/ods-4.png 501w, https:\/\/www.amplifica.me\/simplifica\/wp-content\/uploads\/2020\/04\/ods-4-300x300.png 300w, https:\/\/www.amplifica.me\/simplifica\/wp-content\/uploads\/2020\/04\/ods-4-150x150.png 150w, https:\/\/www.amplifica.me\/simplifica\/wp-content\/uploads\/2020\/04\/ods-4-100x100.png 100w, https:\/\/www.amplifica.me\/simplifica\/wp-content\/uploads\/2020\/04\/ods-4-450x450.png 450w, https:\/\/www.amplifica.me\/simplifica\/wp-content\/uploads\/2020\/04\/ods-4-120x120.png 120w\" sizes=\"(max-width: 501px) 100vw, 501px\" \/><\/a><\/figure>\n\n\n\n<figure class=\"wp-block-image size-large\"><a href=\"https:\/\/nacoesunidas.org\/pos2015\/ods7\/\"><img loading=\"lazy\" width=\"549\" height=\"549\" src=\"https:\/\/www.amplifica.me\/simplifica\/wp-content\/uploads\/2020\/04\/ods-7.png\" alt=\"\" class=\"wp-image-1280\" srcset=\"https:\/\/www.amplifica.me\/simplifica\/wp-content\/uploads\/2020\/04\/ods-7.png 549w, https:\/\/www.amplifica.me\/simplifica\/wp-content\/uploads\/2020\/04\/ods-7-300x300.png 300w, https:\/\/www.amplifica.me\/simplifica\/wp-content\/uploads\/2020\/04\/ods-7-150x150.png 150w, https:\/\/www.amplifica.me\/simplifica\/wp-content\/uploads\/2020\/04\/ods-7-100x100.png 100w, https:\/\/www.amplifica.me\/simplifica\/wp-content\/uploads\/2020\/04\/ods-7-450x450.png 450w, https:\/\/www.amplifica.me\/simplifica\/wp-content\/uploads\/2020\/04\/ods-7-120x120.png 120w\" sizes=\"(max-width: 549px) 100vw, 549px\" \/><\/a><\/figure>\n\n\n\n<figure class=\"wp-block-image size-large\"><a href=\"https:\/\/nacoesunidas.org\/pos2015\/ods10\/\"><img loading=\"lazy\" width=\"525\" height=\"525\" src=\"https:\/\/www.amplifica.me\/simplifica\/wp-content\/uploads\/2020\/04\/ods-10.png\" alt=\"\" class=\"wp-image-1283\" srcset=\"https:\/\/www.amplifica.me\/simplifica\/wp-content\/uploads\/2020\/04\/ods-10.png 525w, https:\/\/www.amplifica.me\/simplifica\/wp-content\/uploads\/2020\/04\/ods-10-300x300.png 300w, https:\/\/www.amplifica.me\/simplifica\/wp-content\/uploads\/2020\/04\/ods-10-150x150.png 150w, https:\/\/www.amplifica.me\/simplifica\/wp-content\/uploads\/2020\/04\/ods-10-100x100.png 100w, https:\/\/www.amplifica.me\/simplifica\/wp-content\/uploads\/2020\/04\/ods-10-450x450.png 450w, https:\/\/www.amplifica.me\/simplifica\/wp-content\/uploads\/2020\/04\/ods-10-120x120.png 120w\" sizes=\"(max-width: 525px) 100vw, 525px\" \/><\/a><\/figure>\n\n\n\n<figure class=\"wp-block-image size-large\"><a href=\"https:\/\/nacoesunidas.org\/pos2015\/ods13\/\"><img loading=\"lazy\" width=\"518\" height=\"518\" src=\"https:\/\/www.amplifica.me\/simplifica\/wp-content\/uploads\/2020\/04\/ods-13.png\" alt=\"\" class=\"wp-image-1286\" srcset=\"https:\/\/www.amplifica.me\/simplifica\/wp-content\/uploads\/2020\/04\/ods-13.png 518w, https:\/\/www.amplifica.me\/simplifica\/wp-content\/uploads\/2020\/04\/ods-13-300x300.png 300w, https:\/\/www.amplifica.me\/simplifica\/wp-content\/uploads\/2020\/04\/ods-13-150x150.png 150w, https:\/\/www.amplifica.me\/simplifica\/wp-content\/uploads\/2020\/04\/ods-13-100x100.png 100w, https:\/\/www.amplifica.me\/simplifica\/wp-content\/uploads\/2020\/04\/ods-13-450x450.png 450w, https:\/\/www.amplifica.me\/simplifica\/wp-content\/uploads\/2020\/04\/ods-13-120x120.png 120w\" sizes=\"(max-width: 518px) 100vw, 518px\" \/><\/a><\/figure>\n\n\n\n<figure class=\"wp-block-image size-large\"><a href=\"https:\/\/nacoesunidas.org\/pos2015\/ods16\/\"><img loading=\"lazy\" width=\"503\" height=\"503\" src=\"https:\/\/www.amplifica.me\/simplifica\/wp-content\/uploads\/2020\/04\/ods-16.png\" alt=\"\" class=\"wp-image-1289\" srcset=\"https:\/\/www.amplifica.me\/simplifica\/wp-content\/uploads\/2020\/04\/ods-16.png 503w, https:\/\/www.amplifica.me\/simplifica\/wp-content\/uploads\/2020\/04\/ods-16-300x300.png 300w, https:\/\/www.amplifica.me\/simplifica\/wp-content\/uploads\/2020\/04\/ods-16-150x150.png 150w, https:\/\/www.amplifica.me\/simplifica\/wp-content\/uploads\/2020\/04\/ods-16-100x100.png 100w, https:\/\/www.amplifica.me\/simplifica\/wp-content\/uploads\/2020\/04\/ods-16-450x450.png 450w, https:\/\/www.amplifica.me\/simplifica\/wp-content\/uploads\/2020\/04\/ods-16-120x120.png 120w\" sizes=\"(max-width: 503px) 100vw, 503px\" \/><\/a><\/figure>\n<\/div>\n\n\n\n<div class=\"wp-block-column\">\n<figure class=\"wp-block-image size-large\"><a href=\"https:\/\/nacoesunidas.org\/pos2015\/ods2\/\"><img loading=\"lazy\" width=\"500\" height=\"500\" src=\"https:\/\/www.amplifica.me\/simplifica\/wp-content\/uploads\/2020\/04\/ods-2.png\" alt=\"\" class=\"wp-image-1275\" srcset=\"https:\/\/www.amplifica.me\/simplifica\/wp-content\/uploads\/2020\/04\/ods-2.png 500w, https:\/\/www.amplifica.me\/simplifica\/wp-content\/uploads\/2020\/04\/ods-2-300x300.png 300w, https:\/\/www.amplifica.me\/simplifica\/wp-content\/uploads\/2020\/04\/ods-2-150x150.png 150w, https:\/\/www.amplifica.me\/simplifica\/wp-content\/uploads\/2020\/04\/ods-2-100x100.png 100w, https:\/\/www.amplifica.me\/simplifica\/wp-content\/uploads\/2020\/04\/ods-2-450x450.png 450w, https:\/\/www.amplifica.me\/simplifica\/wp-content\/uploads\/2020\/04\/ods-2-120x120.png 120w\" sizes=\"(max-width: 500px) 100vw, 500px\" \/><\/a><\/figure>\n\n\n\n<figure class=\"wp-block-image size-large\"><a href=\"https:\/\/nacoesunidas.org\/pos2015\/ods5\/\"><img loading=\"lazy\" width=\"501\" height=\"501\" src=\"https:\/\/www.amplifica.me\/simplifica\/wp-content\/uploads\/2020\/04\/ods-5.png\" alt=\"\" class=\"wp-image-1278\" srcset=\"https:\/\/www.amplifica.me\/simplifica\/wp-content\/uploads\/2020\/04\/ods-5.png 501w, https:\/\/www.amplifica.me\/simplifica\/wp-content\/uploads\/2020\/04\/ods-5-300x300.png 300w, https:\/\/www.amplifica.me\/simplifica\/wp-content\/uploads\/2020\/04\/ods-5-150x150.png 150w, https:\/\/www.amplifica.me\/simplifica\/wp-content\/uploads\/2020\/04\/ods-5-100x100.png 100w, https:\/\/www.amplifica.me\/simplifica\/wp-content\/uploads\/2020\/04\/ods-5-450x450.png 450w, https:\/\/www.amplifica.me\/simplifica\/wp-content\/uploads\/2020\/04\/ods-5-120x120.png 120w\" sizes=\"(max-width: 501px) 100vw, 501px\" \/><\/a><\/figure>\n\n\n\n<figure class=\"wp-block-image size-large\"><a href=\"https:\/\/nacoesunidas.org\/pos2015\/ods8\/\"><img loading=\"lazy\" width=\"531\" height=\"531\" src=\"https:\/\/www.amplifica.me\/simplifica\/wp-content\/uploads\/2020\/04\/ods-8.png\" alt=\"\" class=\"wp-image-1281\" srcset=\"https:\/\/www.amplifica.me\/simplifica\/wp-content\/uploads\/2020\/04\/ods-8.png 531w, https:\/\/www.amplifica.me\/simplifica\/wp-content\/uploads\/2020\/04\/ods-8-300x300.png 300w, https:\/\/www.amplifica.me\/simplifica\/wp-content\/uploads\/2020\/04\/ods-8-150x150.png 150w, https:\/\/www.amplifica.me\/simplifica\/wp-content\/uploads\/2020\/04\/ods-8-100x100.png 100w, https:\/\/www.amplifica.me\/simplifica\/wp-content\/uploads\/2020\/04\/ods-8-450x450.png 450w, https:\/\/www.amplifica.me\/simplifica\/wp-content\/uploads\/2020\/04\/ods-8-120x120.png 120w\" sizes=\"(max-width: 531px) 100vw, 531px\" \/><\/a><\/figure>\n\n\n\n<figure class=\"wp-block-image size-large\"><a href=\"https:\/\/nacoesunidas.org\/pos2015\/ods11\/\"><img loading=\"lazy\" width=\"505\" height=\"506\" src=\"https:\/\/www.amplifica.me\/simplifica\/wp-content\/uploads\/2020\/04\/ods-11.png\" alt=\"\" class=\"wp-image-1284\" srcset=\"https:\/\/www.amplifica.me\/simplifica\/wp-content\/uploads\/2020\/04\/ods-11.png 505w, https:\/\/www.amplifica.me\/simplifica\/wp-content\/uploads\/2020\/04\/ods-11-300x300.png 300w, https:\/\/www.amplifica.me\/simplifica\/wp-content\/uploads\/2020\/04\/ods-11-150x150.png 150w, https:\/\/www.amplifica.me\/simplifica\/wp-content\/uploads\/2020\/04\/ods-11-100x100.png 100w, https:\/\/www.amplifica.me\/simplifica\/wp-content\/uploads\/2020\/04\/ods-11-449x450.png 449w, https:\/\/www.amplifica.me\/simplifica\/wp-content\/uploads\/2020\/04\/ods-11-120x120.png 120w\" sizes=\"(max-width: 505px) 100vw, 505px\" \/><\/a><\/figure>\n\n\n\n<figure class=\"wp-block-image size-large\"><a href=\"https:\/\/nacoesunidas.org\/pos2015\/ods14\/\"><img loading=\"lazy\" width=\"502\" height=\"502\" src=\"https:\/\/www.amplifica.me\/simplifica\/wp-content\/uploads\/2020\/04\/ods-14.png\" alt=\"\" class=\"wp-image-1287\" srcset=\"https:\/\/www.amplifica.me\/simplifica\/wp-content\/uploads\/2020\/04\/ods-14.png 502w, https:\/\/www.amplifica.me\/simplifica\/wp-content\/uploads\/2020\/04\/ods-14-300x300.png 300w, https:\/\/www.amplifica.me\/simplifica\/wp-content\/uploads\/2020\/04\/ods-14-150x150.png 150w, https:\/\/www.amplifica.me\/simplifica\/wp-content\/uploads\/2020\/04\/ods-14-100x100.png 100w, https:\/\/www.amplifica.me\/simplifica\/wp-content\/uploads\/2020\/04\/ods-14-450x450.png 450w, https:\/\/www.amplifica.me\/simplifica\/wp-content\/uploads\/2020\/04\/ods-14-120x120.png 120w\" sizes=\"(max-width: 502px) 100vw, 502px\" \/><\/a><\/figure>\n\n\n\n<figure class=\"wp-block-image size-large\"><a href=\"https:\/\/nacoesunidas.org\/pos2015\/ods17\/\"><img loading=\"lazy\" width=\"512\" height=\"511\" src=\"https:\/\/www.amplifica.me\/simplifica\/wp-content\/uploads\/2020\/04\/ods-17.png\" alt=\"\" class=\"wp-image-1290\" srcset=\"https:\/\/www.amplifica.me\/simplifica\/wp-content\/uploads\/2020\/04\/ods-17.png 512w, https:\/\/www.amplifica.me\/simplifica\/wp-content\/uploads\/2020\/04\/ods-17-300x300.png 300w, https:\/\/www.amplifica.me\/simplifica\/wp-content\/uploads\/2020\/04\/ods-17-150x150.png 150w, https:\/\/www.amplifica.me\/simplifica\/wp-content\/uploads\/2020\/04\/ods-17-100x100.png 100w, https:\/\/www.amplifica.me\/simplifica\/wp-content\/uploads\/2020\/04\/ods-17-451x450.png 451w, https:\/\/www.amplifica.me\/simplifica\/wp-content\/uploads\/2020\/04\/ods-17-120x120.png 120w\" sizes=\"(max-width: 512px) 100vw, 512px\" \/><\/a><\/figure>\n<\/div>\n\n\n\n<div class=\"wp-block-column\">\n<figure class=\"wp-block-image size-large\"><a href=\"https:\/\/nacoesunidas.org\/pos2015\/ods3\/\"><img loading=\"lazy\" width=\"501\" height=\"501\" src=\"https:\/\/www.amplifica.me\/simplifica\/wp-content\/uploads\/2020\/04\/ods-3.png\" alt=\"\" class=\"wp-image-1276\" srcset=\"https:\/\/www.amplifica.me\/simplifica\/wp-content\/uploads\/2020\/04\/ods-3.png 501w, https:\/\/www.amplifica.me\/simplifica\/wp-content\/uploads\/2020\/04\/ods-3-300x300.png 300w, https:\/\/www.amplifica.me\/simplifica\/wp-content\/uploads\/2020\/04\/ods-3-150x150.png 150w, https:\/\/www.amplifica.me\/simplifica\/wp-content\/uploads\/2020\/04\/ods-3-100x100.png 100w, https:\/\/www.amplifica.me\/simplifica\/wp-content\/uploads\/2020\/04\/ods-3-450x450.png 450w, https:\/\/www.amplifica.me\/simplifica\/wp-content\/uploads\/2020\/04\/ods-3-120x120.png 120w\" sizes=\"(max-width: 501px) 100vw, 501px\" \/><\/a><\/figure>\n\n\n\n<figure class=\"wp-block-image size-large\"><a href=\"https:\/\/nacoesunidas.org\/pos2015\/ods6\/\"><img loading=\"lazy\" width=\"584\" height=\"584\" src=\"https:\/\/www.amplifica.me\/simplifica\/wp-content\/uploads\/2020\/04\/ods-6.png\" alt=\"\" class=\"wp-image-1279\" srcset=\"https:\/\/www.amplifica.me\/simplifica\/wp-content\/uploads\/2020\/04\/ods-6.png 584w, https:\/\/www.amplifica.me\/simplifica\/wp-content\/uploads\/2020\/04\/ods-6-300x300.png 300w, https:\/\/www.amplifica.me\/simplifica\/wp-content\/uploads\/2020\/04\/ods-6-150x150.png 150w, https:\/\/www.amplifica.me\/simplifica\/wp-content\/uploads\/2020\/04\/ods-6-100x100.png 100w, https:\/\/www.amplifica.me\/simplifica\/wp-content\/uploads\/2020\/04\/ods-6-450x450.png 450w, https:\/\/www.amplifica.me\/simplifica\/wp-content\/uploads\/2020\/04\/ods-6-120x120.png 120w\" sizes=\"(max-width: 584px) 100vw, 584px\" \/><\/a><\/figure>\n\n\n\n<figure class=\"wp-block-image size-large\"><a href=\"https:\/\/nacoesunidas.org\/pos2015\/ods9\/\"><img loading=\"lazy\" width=\"523\" height=\"523\" src=\"https:\/\/www.amplifica.me\/simplifica\/wp-content\/uploads\/2020\/04\/ods-9.png\" alt=\"\" class=\"wp-image-1282\" srcset=\"https:\/\/www.amplifica.me\/simplifica\/wp-content\/uploads\/2020\/04\/ods-9.png 523w, https:\/\/www.amplifica.me\/simplifica\/wp-content\/uploads\/2020\/04\/ods-9-300x300.png 300w, https:\/\/www.amplifica.me\/simplifica\/wp-content\/uploads\/2020\/04\/ods-9-150x150.png 150w, https:\/\/www.amplifica.me\/simplifica\/wp-content\/uploads\/2020\/04\/ods-9-100x100.png 100w, https:\/\/www.amplifica.me\/simplifica\/wp-content\/uploads\/2020\/04\/ods-9-450x450.png 450w, https:\/\/www.amplifica.me\/simplifica\/wp-content\/uploads\/2020\/04\/ods-9-120x120.png 120w\" sizes=\"(max-width: 523px) 100vw, 523px\" \/><\/a><\/figure>\n\n\n\n<figure class=\"wp-block-image size-large\"><a href=\"https:\/\/nacoesunidas.org\/pos2015\/ods12\/\"><img loading=\"lazy\" width=\"519\" height=\"520\" src=\"https:\/\/www.amplifica.me\/simplifica\/wp-content\/uploads\/2020\/04\/ods-12.png\" alt=\"\" class=\"wp-image-1285\" srcset=\"https:\/\/www.amplifica.me\/simplifica\/wp-content\/uploads\/2020\/04\/ods-12.png 519w, https:\/\/www.amplifica.me\/simplifica\/wp-content\/uploads\/2020\/04\/ods-12-300x300.png 300w, https:\/\/www.amplifica.me\/simplifica\/wp-content\/uploads\/2020\/04\/ods-12-150x150.png 150w, https:\/\/www.amplifica.me\/simplifica\/wp-content\/uploads\/2020\/04\/ods-12-100x100.png 100w, https:\/\/www.amplifica.me\/simplifica\/wp-content\/uploads\/2020\/04\/ods-12-449x450.png 449w, https:\/\/www.amplifica.me\/simplifica\/wp-content\/uploads\/2020\/04\/ods-12-120x120.png 120w\" sizes=\"(max-width: 519px) 100vw, 519px\" \/><\/a><\/figure>\n\n\n\n<figure class=\"wp-block-image size-large\"><a href=\"https:\/\/nacoesunidas.org\/pos2015\/ods15\/\"><img loading=\"lazy\" width=\"505\" height=\"505\" src=\"https:\/\/www.amplifica.me\/simplifica\/wp-content\/uploads\/2020\/04\/ods-15.png\" alt=\"\" class=\"wp-image-1288\" srcset=\"https:\/\/www.amplifica.me\/simplifica\/wp-content\/uploads\/2020\/04\/ods-15.png 505w, https:\/\/www.amplifica.me\/simplifica\/wp-content\/uploads\/2020\/04\/ods-15-300x300.png 300w, https:\/\/www.amplifica.me\/simplifica\/wp-content\/uploads\/2020\/04\/ods-15-150x150.png 150w, https:\/\/www.amplifica.me\/simplifica\/wp-content\/uploads\/2020\/04\/ods-15-100x100.png 100w, https:\/\/www.amplifica.me\/simplifica\/wp-content\/uploads\/2020\/04\/ods-15-450x450.png 450w, https:\/\/www.amplifica.me\/simplifica\/wp-content\/uploads\/2020\/04\/ods-15-120x120.png 120w\" sizes=\"(max-width: 505px) 100vw, 505px\" \/><\/a><\/figure>\n<\/div>\n<\/div>\n","protected":false},"excerpt":{"rendered":"<p>Clique sobre os selos para conhecer melhor os Objetivos de Desenvolvimento Sustent\u00e1vel da Agenda 2030 da Organiza\u00e7\u00e3o das Na\u00e7\u00f5es Unidas (ONU) que guiaram escolha dos&#8230;<\/p>\n","protected":false},"author":1,"featured_media":0,"parent":783,"menu_order":1,"comment_status":"closed","ping_status":"closed","template":"page-templates\/page-fullwidth.php","meta":{"_mi_skip_tracking":false},"tags":[],"yoast_head":"<!-- This site is optimized with the Yoast SEO plugin v18.7 - https:\/\/yoast.com\/wordpress\/plugins\/seo\/ -->\n<title>Objetivos de Desenvolvimento Sustent\u00e1vel - Simplifica<\/title>\n<meta name=\"description\" content=\"Conhe\u00e7a melhor os Objetivos de Desenvolvimento Sustent\u00e1vel da Agenda 2030 da ONU que guiaram as trilhas de aprendizagem do Simplifica.\" \/>\n<meta name=\"robots\" content=\"index, follow, max-snippet:-1, max-image-preview:large, max-video-preview:-1\" \/>\n<link rel=\"canonical\" href=\"https:\/\/www.amplifica.me\/simplifica\/?page_id=1210\" \/>\n<meta property=\"og:locale\" content=\"pt_BR\" \/>\n<meta property=\"og:type\" content=\"article\" \/>\n<meta property=\"og:title\" content=\"Objetivos de Desenvolvimento Sustent\u00e1vel\" \/>\n<meta property=\"og:description\" content=\"Conhe\u00e7a melhor os Objetivos de Desenvolvimento Sustent\u00e1vel da Agenda 2030 da ONU que guiaram as trilhas de aprendizagem do Simplifica.\" \/>\n<meta property=\"og:url\" content=\"https:\/\/www.amplifica.me\/simplifica\/?page_id=1210\" \/>\n<meta property=\"og:site_name\" content=\"Simplifica\" \/>\n<meta property=\"article:modified_time\" content=\"2020-05-09T15:09:55+00:00\" \/>\n<meta property=\"og:image\" content=\"https:\/\/www.amplifica.me\/simplifica\/wp-content\/uploads\/2020\/04\/thumb-geral-simplifica-05.png\" \/>\n\t<meta property=\"og:image:width\" content=\"870\" \/>\n\t<meta property=\"og:image:height\" content=\"452\" \/>\n\t<meta property=\"og:image:type\" content=\"image\/png\" \/>\n<meta name=\"twitter:card\" content=\"summary_large_image\" \/>\n<meta name=\"twitter:title\" content=\"Objetivos de Desenvolvimento Sustent\u00e1vel\" \/>\n<meta name=\"twitter:description\" content=\"Conhe\u00e7a melhor os Objetivos de Desenvolvimento Sustent\u00e1vel da Agenda 2030 da ONU que guiaram as trilhas de aprendizagem do Simplifica.\" \/>\n<meta name=\"twitter:image\" content=\"https:\/\/www.amplifica.me\/simplifica\/wp-content\/uploads\/2020\/04\/thumb-geral-simplifica-05.png\" \/>\n<script type=\"application\/ld+json\" class=\"yoast-schema-graph\">{\"@context\":\"https:\/\/schema.org\",\"@graph\":[{\"@type\":\"WebSite\",\"@id\":\"https:\/\/www.amplifica.me\/simplifica\/#website\",\"url\":\"https:\/\/www.amplifica.me\/simplifica\/\",\"name\":\"Simplifica\",\"description\":\"Experi\u00eancias de Aprendizagem Gratuitas\",\"potentialAction\":[{\"@type\":\"SearchAction\",\"target\":{\"@type\":\"EntryPoint\",\"urlTemplate\":\"https:\/\/www.amplifica.me\/simplifica\/?s={search_term_string}\"},\"query-input\":\"required name=search_term_string\"}],\"inLanguage\":\"pt-BR\"},{\"@type\":\"ImageObject\",\"inLanguage\":\"pt-BR\",\"@id\":\"https:\/\/www.amplifica.me\/simplifica\/?page_id=1210#primaryimage\",\"url\":\"https:\/\/www.amplifica.me\/simplifica\/wp-content\/uploads\/2020\/04\/thumb-geral-simplifica-05.png\",\"contentUrl\":\"https:\/\/www.amplifica.me\/simplifica\/wp-content\/uploads\/2020\/04\/thumb-geral-simplifica-05.png\",\"width\":870,\"height\":452,\"caption\":\"Simplifica\"},{\"@type\":\"WebPage\",\"@id\":\"https:\/\/www.amplifica.me\/simplifica\/?page_id=1210#webpage\",\"url\":\"https:\/\/www.amplifica.me\/simplifica\/?page_id=1210\",\"name\":\"Objetivos de Desenvolvimento Sustent\u00e1vel - Simplifica\",\"isPartOf\":{\"@id\":\"https:\/\/www.amplifica.me\/simplifica\/#website\"},\"primaryImageOfPage\":{\"@id\":\"https:\/\/www.amplifica.me\/simplifica\/?page_id=1210#primaryimage\"},\"datePublished\":\"2020-04-27T19:54:37+00:00\",\"dateModified\":\"2020-05-09T15:09:55+00:00\",\"description\":\"Conhe\u00e7a melhor os Objetivos de Desenvolvimento Sustent\u00e1vel da Agenda 2030 da ONU que guiaram as trilhas de aprendizagem do Simplifica.\",\"breadcrumb\":{\"@id\":\"https:\/\/www.amplifica.me\/simplifica\/?page_id=1210#breadcrumb\"},\"inLanguage\":\"pt-BR\",\"potentialAction\":[{\"@type\":\"ReadAction\",\"target\":[\"https:\/\/www.amplifica.me\/simplifica\/?page_id=1210\"]}]},{\"@type\":\"BreadcrumbList\",\"@id\":\"https:\/\/www.amplifica.me\/simplifica\/?page_id=1210#breadcrumb\",\"itemListElement\":[{\"@type\":\"ListItem\",\"position\":1,\"name\":\"In\u00edcio\",\"item\":\"https:\/\/www.amplifica.me\/simplifica\/\"},{\"@type\":\"ListItem\",\"position\":2,\"name\":\"Extras\",\"item\":\"https:\/\/www.amplifica.me\/simplifica\/?page_id=783\"},{\"@type\":\"ListItem\",\"position\":3,\"name\":\"Objetivos de Desenvolvimento Sustent\u00e1vel\"}]}]}<\/script>\n<!-- \/ Yoast SEO plugin. -->","yoast_head_json":{"title":"Objetivos de Desenvolvimento Sustent\u00e1vel - Simplifica","description":"Conhe\u00e7a melhor os Objetivos de Desenvolvimento Sustent\u00e1vel da Agenda 2030 da ONU que guiaram as trilhas de aprendizagem do Simplifica.","robots":{"index":"index","follow":"follow","max-snippet":"max-snippet:-1","max-image-preview":"max-image-preview:large","max-video-preview":"max-video-preview:-1"},"canonical":"https:\/\/www.amplifica.me\/simplifica\/?page_id=1210","og_locale":"pt_BR","og_type":"article","og_title":"Objetivos de Desenvolvimento Sustent\u00e1vel","og_description":"Conhe\u00e7a melhor os Objetivos de Desenvolvimento Sustent\u00e1vel da Agenda 2030 da ONU que guiaram as trilhas de aprendizagem do Simplifica.","og_url":"https:\/\/www.amplifica.me\/simplifica\/?page_id=1210","og_site_name":"Simplifica","article_modified_time":"2020-05-09T15:09:55+00:00","og_image":[{"width":870,"height":452,"url":"https:\/\/www.amplifica.me\/simplifica\/wp-content\/uploads\/2020\/04\/thumb-geral-simplifica-05.png","type":"image\/png"}],"twitter_card":"summary_large_image","twitter_title":"Objetivos de Desenvolvimento Sustent\u00e1vel","twitter_description":"Conhe\u00e7a melhor os Objetivos de Desenvolvimento Sustent\u00e1vel da Agenda 2030 da ONU que guiaram as trilhas de aprendizagem do Simplifica.","twitter_image":"https:\/\/www.amplifica.me\/simplifica\/wp-content\/uploads\/2020\/04\/thumb-geral-simplifica-05.png","schema":{"@context":"https:\/\/schema.org","@graph":[{"@type":"WebSite","@id":"https:\/\/www.amplifica.me\/simplifica\/#website","url":"https:\/\/www.amplifica.me\/simplifica\/","name":"Simplifica","description":"Experi\u00eancias de Aprendizagem Gratuitas","potentialAction":[{"@type":"SearchAction","target":{"@type":"EntryPoint","urlTemplate":"https:\/\/www.amplifica.me\/simplifica\/?s={search_term_string}"},"query-input":"required name=search_term_string"}],"inLanguage":"pt-BR"},{"@type":"ImageObject","inLanguage":"pt-BR","@id":"https:\/\/www.amplifica.me\/simplifica\/?page_id=1210#primaryimage","url":"https:\/\/www.amplifica.me\/simplifica\/wp-content\/uploads\/2020\/04\/thumb-geral-simplifica-05.png","contentUrl":"https:\/\/www.amplifica.me\/simplifica\/wp-content\/uploads\/2020\/04\/thumb-geral-simplifica-05.png","width":870,"height":452,"caption":"Simplifica"},{"@type":"WebPage","@id":"https:\/\/www.amplifica.me\/simplifica\/?page_id=1210#webpage","url":"https:\/\/www.amplifica.me\/simplifica\/?page_id=1210","name":"Objetivos de Desenvolvimento Sustent\u00e1vel - Simplifica","isPartOf":{"@id":"https:\/\/www.amplifica.me\/simplifica\/#website"},"primaryImageOfPage":{"@id":"https:\/\/www.amplifica.me\/simplifica\/?page_id=1210#primaryimage"},"datePublished":"2020-04-27T19:54:37+00:00","dateModified":"2020-05-09T15:09:55+00:00","description":"Conhe\u00e7a melhor os Objetivos de Desenvolvimento Sustent\u00e1vel da Agenda 2030 da ONU que guiaram as trilhas de aprendizagem do Simplifica.","breadcrumb":{"@id":"https:\/\/www.amplifica.me\/simplifica\/?page_id=1210#breadcrumb"},"inLanguage":"pt-BR","potentialAction":[{"@type":"ReadAction","target":["https:\/\/www.amplifica.me\/simplifica\/?page_id=1210"]}]},{"@type":"BreadcrumbList","@id":"https:\/\/www.amplifica.me\/simplifica\/?page_id=1210#breadcrumb","itemListElement":[{"@type":"ListItem","position":1,"name":"In\u00edcio","item":"https:\/\/www.amplifica.me\/simplifica\/"},{"@type":"ListItem","position":2,"name":"Extras","item":"https:\/\/www.amplifica.me\/simplifica\/?page_id=783"},{"@type":"ListItem","position":3,"name":"Objetivos de Desenvolvimento Sustent\u00e1vel"}]}]}},"_links":{"self":[{"href":"https:\/\/www.amplifica.me\/simplifica\/index.php?rest_route=\/wp\/v2\/pages\/1210"}],"collection":[{"href":"https:\/\/www.amplifica.me\/simplifica\/index.php?rest_route=\/wp\/v2\/pages"}],"about":[{"href":"https:\/\/www.amplifica.me\/simplifica\/index.php?rest_route=\/wp\/v2\/types\/page"}],"author":[{"embeddable":true,"href":"https:\/\/www.amplifica.me\/simplifica\/index.php?rest_route=\/wp\/v2\/users\/1"}],"replies":[{"embeddable":true,"href":"https:\/\/www.amplifica.me\/simplifica\/index.php?rest_route=%2Fwp%2Fv2%2Fcomments&post=1210"}],"version-history":[{"count":5,"href":"https:\/\/www.amplifica.me\/simplifica\/index.php?rest_route=\/wp\/v2\/pages\/1210\/revisions"}],"predecessor-version":[{"id":2009,"href":"https:\/\/www.amplifica.me\/simplifica\/index.php?rest_route=\/wp\/v2\/pages\/1210\/revisions\/2009"}],"up":[{"embeddable":true,"href":"https:\/\/www.amplifica.me\/simplifica\/index.php?rest_route=\/wp\/v2\/pages\/783"}],"wp:attachment":[{"href":"https:\/\/www.amplifica.me\/simplifica\/index.php?rest_route=%2Fwp%2Fv2%2Fmedia&parent=1210"}],"wp:term":[{"taxonomy":"post_tag","embeddable":true,"href":"https:\/\/www.amplifica.me\/simplifica\/index.php?rest_route=%2Fwp%2Fv2%2Ftags&post=1210"}],"curies":[{"name":"wp","href":"https:\/\/api.w.org\/{rel}","templated":true}]}}