{"id":1212,"date":"2020-04-27T16:55:08","date_gmt":"2020-04-27T19:55:08","guid":{"rendered":"https:\/\/www.amplifica.me\/simplifica\/?page_id=1212"},"modified":"2021-04-17T15:55:31","modified_gmt":"2021-04-17T18:55:31","slug":"direitos-autorais","status":"publish","type":"page","link":"https:\/\/www.amplifica.me\/simplifica\/?page_id=1212","title":{"rendered":"Direitos Autorais"},"content":{"rendered":"\n<p class=\"has-medium-font-size\">Buscando simplificar o entendimento dos gestores, professores pais e respons\u00e1veis, elaboramos um conte\u00fado especialmente voltado para as quest\u00f5es de Direitos Autorais. Consulte a seguir.<\/p>\n\n\n\n<div style=\"height:20px\" aria-hidden=\"true\" class=\"wp-block-spacer\"><\/div>\n\n\n\n<center><iframe loading=\"lazy\" src=\"https:\/\/docs.google.com\/presentation\/d\/e\/2PACX-1vS9-wuitPhUr470OGrXbbn2OjnzSZSHhRaZr0eGyatbDOB7sJzXM1nsdYzaAe-kW8G4T2IEZtkSUwL3\/embed?start=false&amp;loop=false&amp;delayms=3000\" allowfullscreen=\"true\" mozallowfullscreen=\"true\" webkitallowfullscreen=\"true\" width=\"650\" height=\"660\" frameborder=\"0\"><\/iframe><\/center>\n","protected":false},"excerpt":{"rendered":"<p>Buscando simplificar o entendimento dos gestores, professores pais e respons\u00e1veis, elaboramos um conte\u00fado especialmente voltado para as quest\u00f5es de Direitos Autorais. Consulte a seguir.<\/p>\n","protected":false},"author":1,"featured_media":0,"parent":783,"menu_order":2,"comment_status":"closed","ping_status":"closed","template":"page-templates\/page-fullwidth.php","meta":{"_mi_skip_tracking":false},"tags":[],"yoast_head":"<!-- This site is optimized with the Yoast SEO plugin v18.7 - https:\/\/yoast.com\/wordpress\/plugins\/seo\/ -->\n<title>Direitos Autorais - Simplifica<\/title>\n<meta name=\"description\" content=\"Buscando simplificar o entendimento, elaboramos um conte\u00fado especialmente voltado para as quest\u00f5es sobre Direitos Autorais para professores autores.\" \/>\n<meta name=\"robots\" content=\"index, follow, max-snippet:-1, max-image-preview:large, max-video-preview:-1\" \/>\n<link rel=\"canonical\" href=\"https:\/\/www.amplifica.me\/simplifica\/?page_id=1212\" \/>\n<meta property=\"og:locale\" content=\"pt_BR\" \/>\n<meta property=\"og:type\" content=\"article\" \/>\n<meta property=\"og:title\" content=\"Direitos Autorais\" \/>\n<meta property=\"og:description\" content=\"Buscando simplificar o entendimento, elaboramos um conte\u00fado especialmente voltado para as quest\u00f5es sobre Direitos Autorais para professores autores.\" \/>\n<meta property=\"og:url\" content=\"https:\/\/www.amplifica.me\/simplifica\/?page_id=1212\" \/>\n<meta property=\"og:site_name\" content=\"Simplifica\" \/>\n<meta property=\"article:modified_time\" content=\"2021-04-17T18:55:31+00:00\" \/>\n<meta property=\"og:image\" content=\"https:\/\/www.amplifica.me\/simplifica\/wp-content\/uploads\/2020\/04\/thumb-geral-simplifica-03.png\" \/>\n\t<meta property=\"og:image:width\" content=\"870\" \/>\n\t<meta property=\"og:image:height\" content=\"452\" \/>\n\t<meta property=\"og:image:type\" content=\"image\/png\" \/>\n<meta name=\"twitter:card\" content=\"summary_large_image\" \/>\n<meta name=\"twitter:title\" content=\"Direitos Autorais\" \/>\n<meta name=\"twitter:description\" content=\"Buscando simplificar o entendimento, elaboramos um conte\u00fado especialmente voltado para as quest\u00f5es sobre Direitos Autorais para professores autores.\" \/>\n<meta name=\"twitter:image\" content=\"https:\/\/www.amplifica.me\/simplifica\/wp-content\/uploads\/2020\/04\/thumb-geral-simplifica-03.png\" \/>\n<script type=\"application\/ld+json\" class=\"yoast-schema-graph\">{\"@context\":\"https:\/\/schema.org\",\"@graph\":[{\"@type\":\"WebSite\",\"@id\":\"https:\/\/www.amplifica.me\/simplifica\/#website\",\"url\":\"https:\/\/www.amplifica.me\/simplifica\/\",\"name\":\"Simplifica\",\"description\":\"Experi\u00eancias de Aprendizagem Gratuitas\",\"potentialAction\":[{\"@type\":\"SearchAction\",\"target\":{\"@type\":\"EntryPoint\",\"urlTemplate\":\"https:\/\/www.amplifica.me\/simplifica\/?s={search_term_string}\"},\"query-input\":\"required name=search_term_string\"}],\"inLanguage\":\"pt-BR\"},{\"@type\":\"ImageObject\",\"inLanguage\":\"pt-BR\",\"@id\":\"https:\/\/www.amplifica.me\/simplifica\/?page_id=1212#primaryimage\",\"url\":\"https:\/\/www.amplifica.me\/simplifica\/wp-content\/uploads\/2020\/04\/thumb-geral-simplifica-03.png\",\"contentUrl\":\"https:\/\/www.amplifica.me\/simplifica\/wp-content\/uploads\/2020\/04\/thumb-geral-simplifica-03.png\",\"width\":870,\"height\":452,\"caption\":\"Como funciona o Simplifica\"},{\"@type\":\"WebPage\",\"@id\":\"https:\/\/www.amplifica.me\/simplifica\/?page_id=1212#webpage\",\"url\":\"https:\/\/www.amplifica.me\/simplifica\/?page_id=1212\",\"name\":\"Direitos Autorais - Simplifica\",\"isPartOf\":{\"@id\":\"https:\/\/www.amplifica.me\/simplifica\/#website\"},\"primaryImageOfPage\":{\"@id\":\"https:\/\/www.amplifica.me\/simplifica\/?page_id=1212#primaryimage\"},\"datePublished\":\"2020-04-27T19:55:08+00:00\",\"dateModified\":\"2021-04-17T18:55:31+00:00\",\"description\":\"Buscando simplificar o entendimento, elaboramos um conte\u00fado especialmente voltado para as quest\u00f5es sobre Direitos Autorais para professores autores.\",\"breadcrumb\":{\"@id\":\"https:\/\/www.amplifica.me\/simplifica\/?page_id=1212#breadcrumb\"},\"inLanguage\":\"pt-BR\",\"potentialAction\":[{\"@type\":\"ReadAction\",\"target\":[\"https:\/\/www.amplifica.me\/simplifica\/?page_id=1212\"]}]},{\"@type\":\"BreadcrumbList\",\"@id\":\"https:\/\/www.amplifica.me\/simplifica\/?page_id=1212#breadcrumb\",\"itemListElement\":[{\"@type\":\"ListItem\",\"position\":1,\"name\":\"In\u00edcio\",\"item\":\"https:\/\/www.amplifica.me\/simplifica\/\"},{\"@type\":\"ListItem\",\"position\":2,\"name\":\"Extras\",\"item\":\"https:\/\/www.amplifica.me\/simplifica\/?page_id=783\"},{\"@type\":\"ListItem\",\"position\":3,\"name\":\"Direitos Autorais\"}]}]}<\/script>\n<!-- \/ Yoast SEO plugin. -->","yoast_head_json":{"title":"Direitos Autorais - Simplifica","description":"Buscando simplificar o entendimento, elaboramos um conte\u00fado especialmente voltado para as quest\u00f5es sobre Direitos Autorais para professores autores.","robots":{"index":"index","follow":"follow","max-snippet":"max-snippet:-1","max-image-preview":"max-image-preview:large","max-video-preview":"max-video-preview:-1"},"canonical":"https:\/\/www.amplifica.me\/simplifica\/?page_id=1212","og_locale":"pt_BR","og_type":"article","og_title":"Direitos Autorais","og_description":"Buscando simplificar o entendimento, elaboramos um conte\u00fado especialmente voltado para as quest\u00f5es sobre Direitos Autorais para professores autores.","og_url":"https:\/\/www.amplifica.me\/simplifica\/?page_id=1212","og_site_name":"Simplifica","article_modified_time":"2021-04-17T18:55:31+00:00","og_image":[{"width":870,"height":452,"url":"https:\/\/www.amplifica.me\/simplifica\/wp-content\/uploads\/2020\/04\/thumb-geral-simplifica-03.png","type":"image\/png"}],"twitter_card":"summary_large_image","twitter_title":"Direitos Autorais","twitter_description":"Buscando simplificar o entendimento, elaboramos um conte\u00fado especialmente voltado para as quest\u00f5es sobre Direitos Autorais para professores autores.","twitter_image":"https:\/\/www.amplifica.me\/simplifica\/wp-content\/uploads\/2020\/04\/thumb-geral-simplifica-03.png","schema":{"@context":"https:\/\/schema.org","@graph":[{"@type":"WebSite","@id":"https:\/\/www.amplifica.me\/simplifica\/#website","url":"https:\/\/www.amplifica.me\/simplifica\/","name":"Simplifica","description":"Experi\u00eancias de Aprendizagem Gratuitas","potentialAction":[{"@type":"SearchAction","target":{"@type":"EntryPoint","urlTemplate":"https:\/\/www.amplifica.me\/simplifica\/?s={search_term_string}"},"query-input":"required name=search_term_string"}],"inLanguage":"pt-BR"},{"@type":"ImageObject","inLanguage":"pt-BR","@id":"https:\/\/www.amplifica.me\/simplifica\/?page_id=1212#primaryimage","url":"https:\/\/www.amplifica.me\/simplifica\/wp-content\/uploads\/2020\/04\/thumb-geral-simplifica-03.png","contentUrl":"https:\/\/www.amplifica.me\/simplifica\/wp-content\/uploads\/2020\/04\/thumb-geral-simplifica-03.png","width":870,"height":452,"caption":"Como funciona o Simplifica"},{"@type":"WebPage","@id":"https:\/\/www.amplifica.me\/simplifica\/?page_id=1212#webpage","url":"https:\/\/www.amplifica.me\/simplifica\/?page_id=1212","name":"Direitos Autorais - Simplifica","isPartOf":{"@id":"https:\/\/www.amplifica.me\/simplifica\/#website"},"primaryImageOfPage":{"@id":"https:\/\/www.amplifica.me\/simplifica\/?page_id=1212#primaryimage"},"datePublished":"2020-04-27T19:55:08+00:00","dateModified":"2021-04-17T18:55:31+00:00","description":"Buscando simplificar o entendimento, elaboramos um conte\u00fado especialmente voltado para as quest\u00f5es sobre Direitos Autorais para professores autores.","breadcrumb":{"@id":"https:\/\/www.amplifica.me\/simplifica\/?page_id=1212#breadcrumb"},"inLanguage":"pt-BR","potentialAction":[{"@type":"ReadAction","target":["https:\/\/www.amplifica.me\/simplifica\/?page_id=1212"]}]},{"@type":"BreadcrumbList","@id":"https:\/\/www.amplifica.me\/simplifica\/?page_id=1212#breadcrumb","itemListElement":[{"@type":"ListItem","position":1,"name":"In\u00edcio","item":"https:\/\/www.amplifica.me\/simplifica\/"},{"@type":"ListItem","position":2,"name":"Extras","item":"https:\/\/www.amplifica.me\/simplifica\/?page_id=783"},{"@type":"ListItem","position":3,"name":"Direitos Autorais"}]}]}},"_links":{"self":[{"href":"https:\/\/www.amplifica.me\/simplifica\/index.php?rest_route=\/wp\/v2\/pages\/1212"}],"collection":[{"href":"https:\/\/www.amplifica.me\/simplifica\/index.php?rest_route=\/wp\/v2\/pages"}],"about":[{"href":"https:\/\/www.amplifica.me\/simplifica\/index.php?rest_route=\/wp\/v2\/types\/page"}],"author":[{"embeddable":true,"href":"https:\/\/www.amplifica.me\/simplifica\/index.php?rest_route=\/wp\/v2\/users\/1"}],"replies":[{"embeddable":true,"href":"https:\/\/www.amplifica.me\/simplifica\/index.php?rest_route=%2Fwp%2Fv2%2Fcomments&post=1212"}],"version-history":[{"count":16,"href":"https:\/\/www.amplifica.me\/simplifica\/index.php?rest_route=\/wp\/v2\/pages\/1212\/revisions"}],"predecessor-version":[{"id":1956,"href":"https:\/\/www.amplifica.me\/simplifica\/index.php?rest_route=\/wp\/v2\/pages\/1212\/revisions\/1956"}],"up":[{"embeddable":true,"href":"https:\/\/www.amplifica.me\/simplifica\/index.php?rest_route=\/wp\/v2\/pages\/783"}],"wp:attachment":[{"href":"https:\/\/www.amplifica.me\/simplifica\/index.php?rest_route=%2Fwp%2Fv2%2Fmedia&parent=1212"}],"wp:term":[{"taxonomy":"post_tag","embeddable":true,"href":"https:\/\/www.amplifica.me\/simplifica\/index.php?rest_route=%2Fwp%2Fv2%2Ftags&post=1212"}],"curies":[{"name":"wp","href":"https:\/\/api.w.org\/{rel}","templated":true}]}}