{"id":1505,"date":"2020-04-28T19:08:18","date_gmt":"2020-04-28T22:08:18","guid":{"rendered":"https:\/\/www.amplifica.me\/simplifica\/?page_id=1505"},"modified":"2021-04-22T00:53:19","modified_gmt":"2021-04-22T03:53:19","slug":"faq","status":"publish","type":"page","link":"https:\/\/www.amplifica.me\/simplifica\/?page_id=1505","title":{"rendered":"FAQ"},"content":{"rendered":"\n<p class=\"has-medium-font-size\">Criamos este espa\u00e7o para esclarecer as d\u00favidas recorrentes sobre diversos aspectos do programa <strong>Simplifica<\/strong>. Tem alguma d\u00favida, navegue pelas op\u00e7\u00f5es e busque uma resposta. Caso n\u00e3o encontre, envie sua quest\u00e3o no link: <a href=\"https:\/\/bit.ly\/contatosimplifica\">https:\/\/bit.ly\/contatosimplifica<\/a>.<\/p>\n\n\n\n<h2>1. Fiz o meu cadastro e n\u00e3o recebi o material no meu email. <br>Onde posso encontr\u00e1-lo?<\/h2>\n\n\n\n<p>Todo o material do Programa Simplifica fica dispon\u00edvel aqui neste portal, no menu superior, na aba &#8220;Trilhas&#8221;. Para acessar, basta voc\u00ea se cadastrar e toda vez entrar com o seu login. L\u00e1 voc\u00ea ter\u00e1 todas as trilhas com a visualiza\u00e7\u00e3o da semana e o site para o aluno. <\/p>\n\n\n\n<h2>2. Posso ter acesso de edi\u00e7\u00e3o para adaptar para o meu contexto educacional?<\/h2>\n\n\n\n<p>Criamos o conte\u00fado com uma equipe pedag\u00f3gica diversa que pensou nas experi\u00eancias, nas conex\u00f5es entre elas e tem toda uma trilha semanal que foi equalizada dentro das premissas do projeto. E pensamos, sim, na possibilidade para voc\u00ea adaptar, remixar, ampliar, aprofundar os conceitos apresentados nas experi\u00eancias de aprendizagem. E como voc\u00ea pode fazer isso sem editar o material que foi disponibilizado? Voc\u00ea encontra v\u00e1rias dicas no <a rel=\"noreferrer noopener\" href=\"https:\/\/docs.google.com\/presentation\/d\/e\/2PACX-1vQyacHWT4p3-6XV-WuDR2m0C17NtBcl9rG36qTO0opsaBVJcIJFeX5D2SDfSHYNpBT0ANmlx03MCHrm\/pub?start=false&amp;loop=false&amp;delayms=3000\" target=\"_blank\">manual do educador<\/a>, do <a rel=\"noreferrer noopener\" href=\"https:\/\/docs.google.com\/presentation\/d\/e\/2PACX-1vQuTiPmHvoTRxjj7-3hDdjdY7ZJXHCqfW5Okl5miV0aWEBYU5tDFRU24d_ItPq85EWOb2sP5B5BJq3I\/pub?start=false&amp;loop=false&amp;delayms=3000\" target=\"_blank\">gestor<\/a> e de <a rel=\"noreferrer noopener\" href=\"https:\/\/docs.google.com\/presentation\/d\/e\/2PACX-1vSqukbMYrGMbUUPIXUCViuDoCAmHIBjUXFvbmCXBfdLo3jgSbr_TvmfRo70bMCgNefEJYM6ex4AtDPf\/pub?start=false&amp;loop=false&amp;delayms=3000\" target=\"_blank\">pais e respons\u00e1veis<\/a> para que fa\u00e7a o melhor proveito das experi\u00eancias. Elas s\u00e3o pontos de partida para que voc\u00ea possa enriquec\u00ea-las ainda mais, apoiando a jornada do estudante. <\/p>\n\n\n\n<h2>3. Este material tem alguma restri\u00e7\u00e3o de uso?<\/h2>\n\n\n\n<p>Este material \u00e9 todo seu e dos seus alunos. A \u00fanica coisa que pedimos \u00e9 que voc\u00ea d\u00ea cr\u00e9dito ao projeto. Temos uma licen\u00e7a de todo o material do Simplifica que \u00e9 Creative Commons. O que significa na pr\u00e1tica?  Voc\u00ea tem o direito de: Compartilhar \u2014 copiar e redistribuir o material em qualquer suporte ou formato. Adaptar \u2014 remixar, transformar, e criar a partir do material. S\u00f3 n\u00e3o pode usar este material para fins comerciais. Ele \u00e9 totalmente gratuito para a livre circula\u00e7\u00e3o. <\/p>\n\n\n\n<h2>4. Mesmo com a Internet desconectada, posso ter acesso \u00e0s trilhas?<\/h2>\n\n\n\n<p>Sim! Se voc\u00ea tiver uma pequena janela de conectividade, quer dizer, acesso \u00e0 Internet por alguns minutos na semana, \u00e9 s\u00f3 baixar os PDFs dispon\u00edveis do material e fazer a consulta offline dos dias de experi\u00eancias. Voc\u00ea tamb\u00e9m pode compartilhar com os alunos os PDFs via Whatsapp\/Telegram. Em alguns casos, as operadoras t\u00eam disponibilizado o uso sem a cobran\u00e7a de dados. <\/p>\n\n\n\n<h2>5. Preciso ter uma conta Google para acessar o material?<\/h2>\n\n\n\n<p>N\u00e3o! O material est\u00e1 totalmente aberto e acess\u00edvel depois que voc\u00ea faz o cadastro neste Portal.<\/p>\n\n\n\n<h2>6. Vi que tem conte\u00fado do 1\u00ba ao 9\u00ba anos. E o Ensino M\u00e9dio?<\/h2>\n\n\n\n<p>A Funda\u00e7\u00e3o Lemann em parceria com os Youtubers Edu criou playlists excelentes para o Ensino M\u00e9dio que poder\u00e1 te ajudar com o conte\u00fado que voc\u00ea precisa do 1\u00ba ao 3\u00ba anos. Confira <a rel=\"noreferrer noopener\" href=\"https:\/\/www.youtube.com\/channel\/UCs_n045yHUiC-CR2s8AjIwg\/playlists\" target=\"_blank\">aqui<\/a>. <\/p>\n\n\n\n<h2>7. Como \u00e9 a Educa\u00e7\u00e3o F\u00edsica no Simplifica?<\/h2>\n\n\n\n<p>As pr\u00e1ticas da Educa\u00e7\u00e3o F\u00edsica no Simplifica est\u00e3o dentro da rela\u00e7\u00e3o de corpo em movimento. Mas n\u00e3o um movimento pelo movimento. \u00c9 um movimento intencional, com objetivo, planejamento e um movimento que compreende a crian\u00e7a como um todo, uma crian\u00e7a que se expressa atrav\u00e9s da fala e dos gestos, tem sentimentos e emo\u00e7\u00f5es e se relaciona com o outro.<\/p>\n\n\n\n<p>Alguns conte\u00fados direcionam nossas atividades: o jogo, o esporte, a dan\u00e7a, a gin\u00e1stica, a luta e as pr\u00e1ticas corporais de aventura.<\/p>\n\n\n\n<p>Nosso material foi criado pensando no que a crian\u00e7a poderia fazer, observando a idade e as condi\u00e7\u00f5es de moradia, adaptando o conte\u00fado atrav\u00e9s dos jogos e brincadeiras para os anos iniciais e criando atividades que promovam a sa\u00fade para os anos finais.<\/p>\n\n\n\n<p>O nome Bem Estar foi pensado por ser um momento de alegria, prazer, comunh\u00e3o e aprendizado, orientando a crian\u00e7a e o jovem de que este momento foi criado com carinho por profissionais especialistas para que seja um Bem Estar di\u00e1rio, do corpo, da mente, feito de forma leve, divertida e prazerosa e dentro do contexto domiciliar de cada um.<\/p>\n\n\n\n<p><\/p>\n","protected":false},"excerpt":{"rendered":"<p>Criamos este espa\u00e7o para esclarecer as d\u00favidas recorrentes sobre diversos aspectos do programa Simplifica. Tem alguma d\u00favida, navegue pelas op\u00e7\u00f5es e busque uma resposta. Caso&#8230;<\/p>\n","protected":false},"author":1,"featured_media":0,"parent":0,"menu_order":6,"comment_status":"closed","ping_status":"closed","template":"page-templates\/page-fullwidth.php","meta":{"_mi_skip_tracking":false},"tags":[],"yoast_head":"<!-- This site is optimized with the Yoast SEO plugin v18.7 - https:\/\/yoast.com\/wordpress\/plugins\/seo\/ -->\n<title>FAQ - Simplifica<\/title>\n<meta name=\"robots\" content=\"index, follow, max-snippet:-1, max-image-preview:large, max-video-preview:-1\" \/>\n<link rel=\"canonical\" href=\"https:\/\/www.amplifica.me\/simplifica\/?page_id=1505\" \/>\n<meta property=\"og:locale\" content=\"pt_BR\" \/>\n<meta property=\"og:type\" content=\"article\" \/>\n<meta property=\"og:title\" content=\"FAQ Simplifica\" \/>\n<meta property=\"og:description\" content=\"Criamos este espa\u00e7o para esclarecer as d\u00favidas recorrentes sobre diversos aspectos do programa Simplifica. Tem alguma d\u00favida, navegue pelas op\u00e7\u00f5es e busque uma resposta. Caso...\" \/>\n<meta property=\"og:url\" content=\"https:\/\/www.amplifica.me\/simplifica\/?page_id=1505\" \/>\n<meta property=\"og:site_name\" content=\"Simplifica\" \/>\n<meta property=\"article:modified_time\" content=\"2021-04-22T03:53:19+00:00\" \/>\n<meta property=\"og:image\" content=\"https:\/\/www.amplifica.me\/simplifica\/wp-content\/uploads\/2020\/04\/thumb-geral-simplifica-04.png\" \/>\n\t<meta property=\"og:image:width\" content=\"870\" \/>\n\t<meta property=\"og:image:height\" content=\"452\" \/>\n\t<meta property=\"og:image:type\" content=\"image\/png\" \/>\n<meta name=\"twitter:card\" content=\"summary_large_image\" \/>\n<meta name=\"twitter:title\" content=\"FAQ Simplifica\" \/>\n<meta name=\"twitter:image\" content=\"https:\/\/www.amplifica.me\/simplifica\/wp-content\/uploads\/2020\/04\/thumb-geral-simplifica-04.png\" \/>\n<meta name=\"twitter:label1\" content=\"Est. tempo de leitura\" \/>\n\t<meta name=\"twitter:data1\" content=\"3 minutos\" \/>\n<script type=\"application\/ld+json\" class=\"yoast-schema-graph\">{\"@context\":\"https:\/\/schema.org\",\"@graph\":[{\"@type\":\"WebSite\",\"@id\":\"https:\/\/www.amplifica.me\/simplifica\/#website\",\"url\":\"https:\/\/www.amplifica.me\/simplifica\/\",\"name\":\"Simplifica\",\"description\":\"Experi\u00eancias de Aprendizagem Gratuitas\",\"potentialAction\":[{\"@type\":\"SearchAction\",\"target\":{\"@type\":\"EntryPoint\",\"urlTemplate\":\"https:\/\/www.amplifica.me\/simplifica\/?s={search_term_string}\"},\"query-input\":\"required name=search_term_string\"}],\"inLanguage\":\"pt-BR\"},{\"@type\":\"ImageObject\",\"inLanguage\":\"pt-BR\",\"@id\":\"https:\/\/www.amplifica.me\/simplifica\/?page_id=1505#primaryimage\",\"url\":\"https:\/\/www.amplifica.me\/simplifica\/wp-content\/uploads\/2020\/04\/thumb-geral-simplifica-04.png\",\"contentUrl\":\"https:\/\/www.amplifica.me\/simplifica\/wp-content\/uploads\/2020\/04\/thumb-geral-simplifica-04.png\",\"width\":870,\"height\":452,\"caption\":\"Simplifica\"},{\"@type\":\"WebPage\",\"@id\":\"https:\/\/www.amplifica.me\/simplifica\/?page_id=1505#webpage\",\"url\":\"https:\/\/www.amplifica.me\/simplifica\/?page_id=1505\",\"name\":\"FAQ - Simplifica\",\"isPartOf\":{\"@id\":\"https:\/\/www.amplifica.me\/simplifica\/#website\"},\"primaryImageOfPage\":{\"@id\":\"https:\/\/www.amplifica.me\/simplifica\/?page_id=1505#primaryimage\"},\"datePublished\":\"2020-04-28T22:08:18+00:00\",\"dateModified\":\"2021-04-22T03:53:19+00:00\",\"breadcrumb\":{\"@id\":\"https:\/\/www.amplifica.me\/simplifica\/?page_id=1505#breadcrumb\"},\"inLanguage\":\"pt-BR\",\"potentialAction\":[{\"@type\":\"ReadAction\",\"target\":[\"https:\/\/www.amplifica.me\/simplifica\/?page_id=1505\"]}]},{\"@type\":\"BreadcrumbList\",\"@id\":\"https:\/\/www.amplifica.me\/simplifica\/?page_id=1505#breadcrumb\",\"itemListElement\":[{\"@type\":\"ListItem\",\"position\":1,\"name\":\"In\u00edcio\",\"item\":\"https:\/\/www.amplifica.me\/simplifica\/\"},{\"@type\":\"ListItem\",\"position\":2,\"name\":\"FAQ\"}]}]}<\/script>\n<!-- \/ Yoast SEO plugin. -->","yoast_head_json":{"title":"FAQ - Simplifica","robots":{"index":"index","follow":"follow","max-snippet":"max-snippet:-1","max-image-preview":"max-image-preview:large","max-video-preview":"max-video-preview:-1"},"canonical":"https:\/\/www.amplifica.me\/simplifica\/?page_id=1505","og_locale":"pt_BR","og_type":"article","og_title":"FAQ Simplifica","og_description":"Criamos este espa\u00e7o para esclarecer as d\u00favidas recorrentes sobre diversos aspectos do programa Simplifica. Tem alguma d\u00favida, navegue pelas op\u00e7\u00f5es e busque uma resposta. Caso...","og_url":"https:\/\/www.amplifica.me\/simplifica\/?page_id=1505","og_site_name":"Simplifica","article_modified_time":"2021-04-22T03:53:19+00:00","og_image":[{"width":870,"height":452,"url":"https:\/\/www.amplifica.me\/simplifica\/wp-content\/uploads\/2020\/04\/thumb-geral-simplifica-04.png","type":"image\/png"}],"twitter_card":"summary_large_image","twitter_title":"FAQ Simplifica","twitter_image":"https:\/\/www.amplifica.me\/simplifica\/wp-content\/uploads\/2020\/04\/thumb-geral-simplifica-04.png","twitter_misc":{"Est. tempo de leitura":"3 minutos"},"schema":{"@context":"https:\/\/schema.org","@graph":[{"@type":"WebSite","@id":"https:\/\/www.amplifica.me\/simplifica\/#website","url":"https:\/\/www.amplifica.me\/simplifica\/","name":"Simplifica","description":"Experi\u00eancias de Aprendizagem Gratuitas","potentialAction":[{"@type":"SearchAction","target":{"@type":"EntryPoint","urlTemplate":"https:\/\/www.amplifica.me\/simplifica\/?s={search_term_string}"},"query-input":"required name=search_term_string"}],"inLanguage":"pt-BR"},{"@type":"ImageObject","inLanguage":"pt-BR","@id":"https:\/\/www.amplifica.me\/simplifica\/?page_id=1505#primaryimage","url":"https:\/\/www.amplifica.me\/simplifica\/wp-content\/uploads\/2020\/04\/thumb-geral-simplifica-04.png","contentUrl":"https:\/\/www.amplifica.me\/simplifica\/wp-content\/uploads\/2020\/04\/thumb-geral-simplifica-04.png","width":870,"height":452,"caption":"Simplifica"},{"@type":"WebPage","@id":"https:\/\/www.amplifica.me\/simplifica\/?page_id=1505#webpage","url":"https:\/\/www.amplifica.me\/simplifica\/?page_id=1505","name":"FAQ - Simplifica","isPartOf":{"@id":"https:\/\/www.amplifica.me\/simplifica\/#website"},"primaryImageOfPage":{"@id":"https:\/\/www.amplifica.me\/simplifica\/?page_id=1505#primaryimage"},"datePublished":"2020-04-28T22:08:18+00:00","dateModified":"2021-04-22T03:53:19+00:00","breadcrumb":{"@id":"https:\/\/www.amplifica.me\/simplifica\/?page_id=1505#breadcrumb"},"inLanguage":"pt-BR","potentialAction":[{"@type":"ReadAction","target":["https:\/\/www.amplifica.me\/simplifica\/?page_id=1505"]}]},{"@type":"BreadcrumbList","@id":"https:\/\/www.amplifica.me\/simplifica\/?page_id=1505#breadcrumb","itemListElement":[{"@type":"ListItem","position":1,"name":"In\u00edcio","item":"https:\/\/www.amplifica.me\/simplifica\/"},{"@type":"ListItem","position":2,"name":"FAQ"}]}]}},"_links":{"self":[{"href":"https:\/\/www.amplifica.me\/simplifica\/index.php?rest_route=\/wp\/v2\/pages\/1505"}],"collection":[{"href":"https:\/\/www.amplifica.me\/simplifica\/index.php?rest_route=\/wp\/v2\/pages"}],"about":[{"href":"https:\/\/www.amplifica.me\/simplifica\/index.php?rest_route=\/wp\/v2\/types\/page"}],"author":[{"embeddable":true,"href":"https:\/\/www.amplifica.me\/simplifica\/index.php?rest_route=\/wp\/v2\/users\/1"}],"replies":[{"embeddable":true,"href":"https:\/\/www.amplifica.me\/simplifica\/index.php?rest_route=%2Fwp%2Fv2%2Fcomments&post=1505"}],"version-history":[{"count":16,"href":"https:\/\/www.amplifica.me\/simplifica\/index.php?rest_route=\/wp\/v2\/pages\/1505\/revisions"}],"predecessor-version":[{"id":1960,"href":"https:\/\/www.amplifica.me\/simplifica\/index.php?rest_route=\/wp\/v2\/pages\/1505\/revisions\/1960"}],"wp:attachment":[{"href":"https:\/\/www.amplifica.me\/simplifica\/index.php?rest_route=%2Fwp%2Fv2%2Fmedia&parent=1505"}],"wp:term":[{"taxonomy":"post_tag","embeddable":true,"href":"https:\/\/www.amplifica.me\/simplifica\/index.php?rest_route=%2Fwp%2Fv2%2Ftags&post=1505"}],"curies":[{"name":"wp","href":"https:\/\/api.w.org\/{rel}","templated":true}]}}