{"id":1765,"date":"2020-05-09T19:56:29","date_gmt":"2020-05-09T22:56:29","guid":{"rendered":"https:\/\/www.amplifica.me\/simplifica\/?page_id=1765"},"modified":"2021-04-23T21:02:03","modified_gmt":"2021-04-24T00:02:03","slug":"as-trilhas-google-classroom","status":"publish","type":"page","link":"https:\/\/www.amplifica.me\/simplifica\/?page_id=1765","title":{"rendered":"As trilhas &#8211; Google Classroom"},"content":{"rendered":"\n<div style=\"height:10px\" aria-hidden=\"true\" class=\"wp-block-spacer\"><\/div>\n\n\n\n<blockquote class=\"wp-block-quote is-style-large\"><p>O conte\u00fado das trilhas n\u00e3o substitui o curr\u00edculo escolar, nem o importante papel da escola e dos professores na educa\u00e7\u00e3o. O que apresentamos aqui s\u00e3o experi\u00eancias de aprendizagem, e n\u00e3o aulas, para que crian\u00e7as e jovens continuem sendo estimuladas a aprender tamb\u00e9m em casa.<\/p><cite>Equipe Simplifica<\/cite><\/blockquote>\n\n\n\n<div style=\"height:10px\" aria-hidden=\"true\" class=\"wp-block-spacer\"><\/div>\n\n\n\n<h1>Este formato \u00e9 destinado apenas para professores que j\u00e1 utilizam o Google Classroom com seus alunos<\/h1>\n\n\n\n<div style=\"height:10px\" aria-hidden=\"true\" class=\"wp-block-spacer\"><\/div>\n\n\n\n<div class=\"wp-block-media-text alignwide is-stacked-on-mobile\"><figure class=\"wp-block-media-text__media\"><img loading=\"lazy\" width=\"763\" height=\"449\" src=\"https:\/\/www.amplifica.me\/simplifica\/wp-content\/uploads\/2020\/05\/sala-no-classroom.png\" alt=\"\" class=\"wp-image-1720\" srcset=\"https:\/\/www.amplifica.me\/simplifica\/wp-content\/uploads\/2020\/05\/sala-no-classroom.png 763w, https:\/\/www.amplifica.me\/simplifica\/wp-content\/uploads\/2020\/05\/sala-no-classroom-300x177.png 300w, https:\/\/www.amplifica.me\/simplifica\/wp-content\/uploads\/2020\/05\/sala-no-classroom-100x59.png 100w, https:\/\/www.amplifica.me\/simplifica\/wp-content\/uploads\/2020\/05\/sala-no-classroom-700x412.png 700w\" sizes=\"(max-width: 763px) 100vw, 763px\" \/><\/figure><div class=\"wp-block-media-text__content\">\n<p class=\"has-large-font-size\"><strong>Semanas 1 a 8<\/strong><\/p>\n\n\n\n<p>A c\u00f3pia do Google Classroom \u00e9 um recurso em fase experimental. Para que funcione adequadamente, o professor precisa estar logado em uma conta Google e deve autorizar o funcionamento do script.<\/p>\n\n\n\n<p class=\"has-text-color has-background has-small-font-size has-very-light-gray-color has-vivid-red-background-color hvr-bounce-in box2\"><strong>A c\u00f3pia pode demorar algum tempo (1 a 2 minutos).<\/strong><br><strong>Aguarde a mensagem de conclus\u00e3o no final da opera\u00e7\u00e3o.<\/strong><\/p>\n\n\n\n<p><a rel=\"noreferrer noopener\" href=\"mailto:comunica@amplifica.org\" target=\"_blank\"><strong>Avise-nos se estiver com dificuldades<\/strong><\/a><\/p>\n<\/div><\/div>\n\n\n\n<div style=\"height:10px\" aria-hidden=\"true\" class=\"wp-block-spacer\"><\/div>\n\n\n\n<div class=\"wp-block-columns has-background has-very-light-gray-background-color\">\n<div class=\"wp-block-column\">\n<p style=\"font-size:30px\"><strong>ANOS INICIAIS<\/strong><\/p>\n\n\n\n<ul><li>1\u00ba Ano &#8211; <a href=\"https:\/\/script.google.com\/macros\/s\/AKfycbzYiKge3zMmcxADEpBnytHEJM3WJlr4NV__VrOIoA74Oygp_F_kBKu5I4XT14WLpq00rQ\/exec?idsala=97922311492\" target=\"_blank\" rel=\"noreferrer noopener\">sem ingl\u00eas<\/a> \/ <a href=\"https:\/\/script.google.com\/macros\/s\/AKfycbzYiKge3zMmcxADEpBnytHEJM3WJlr4NV__VrOIoA74Oygp_F_kBKu5I4XT14WLpq00rQ\/exec?idsala=97922311492\" target=\"_blank\" rel=\"noreferrer noopener\">com ingl\u00eas<\/a><\/li><li>2\u00ba Ano &#8211; <a href=\"https:\/\/script.google.com\/macros\/s\/AKfycbzYiKge3zMmcxADEpBnytHEJM3WJlr4NV__VrOIoA74Oygp_F_kBKu5I4XT14WLpq00rQ\/exec?idsala=97929185201\" target=\"_blank\" rel=\"noreferrer noopener\">sem ingl\u00eas<\/a><em> \/ <\/em><a href=\"https:\/\/script.google.com\/macros\/s\/AKfycbzYiKge3zMmcxADEpBnytHEJM3WJlr4NV__VrOIoA74Oygp_F_kBKu5I4XT14WLpq00rQ\/exec?idsala=97929185201\" target=\"_blank\" rel=\"noreferrer noopener\">com ingl\u00eas<\/a><\/li><li>3\u00ba Ano &#8211; <a href=\"https:\/\/script.google.com\/macros\/s\/AKfycbzYiKge3zMmcxADEpBnytHEJM3WJlr4NV__VrOIoA74Oygp_F_kBKu5I4XT14WLpq00rQ\/exec?idsala=97929185233\" target=\"_blank\" rel=\"noreferrer noopener\">sem ingl\u00eas<\/a><em> \/ <\/em><a href=\"https:\/\/script.google.com\/macros\/s\/AKfycbzYiKge3zMmcxADEpBnytHEJM3WJlr4NV__VrOIoA74Oygp_F_kBKu5I4XT14WLpq00rQ\/exec?idsala=97929185233\" target=\"_blank\" rel=\"noreferrer noopener\">com ingl\u00eas<\/a><\/li><li>4\u00ba Ano &#8211; <a href=\"https:\/\/script.google.com\/macros\/s\/AKfycbzYiKge3zMmcxADEpBnytHEJM3WJlr4NV__VrOIoA74Oygp_F_kBKu5I4XT14WLpq00rQ\/exec?idsala=97929185266\" target=\"_blank\" rel=\"noreferrer noopener\">sem ingl\u00eas<\/a><em> \/ <\/em><a href=\"https:\/\/script.google.com\/macros\/s\/AKfycbzYiKge3zMmcxADEpBnytHEJM3WJlr4NV__VrOIoA74Oygp_F_kBKu5I4XT14WLpq00rQ\/exec?idsala=97929185266\" target=\"_blank\" rel=\"noreferrer noopener\">com ingl\u00eas<\/a><\/li><li>5\u00ba Ano &#8211; <a href=\"https:\/\/script.google.com\/macros\/s\/AKfycbzYiKge3zMmcxADEpBnytHEJM3WJlr4NV__VrOIoA74Oygp_F_kBKu5I4XT14WLpq00rQ\/exec?idsala=97929185307\" target=\"_blank\" rel=\"noreferrer noopener\">sem ingl\u00eas<\/a><em> \/ <\/em><a href=\"https:\/\/script.google.com\/macros\/s\/AKfycbzYiKge3zMmcxADEpBnytHEJM3WJlr4NV__VrOIoA74Oygp_F_kBKu5I4XT14WLpq00rQ\/exec?idsala=97929185307\" target=\"_blank\" rel=\"noreferrer noopener\">com ingl\u00eas<\/a><\/li><\/ul>\n<\/div>\n\n\n\n<div class=\"wp-block-column\">\n<p style=\"font-size:30px\"><strong>ANOS FINAIS<\/strong><\/p>\n\n\n\n<ul><li><a href=\"https:\/\/script.google.com\/macros\/s\/AKfycbzYiKge3zMmcxADEpBnytHEJM3WJlr4NV__VrOIoA74Oygp_F_kBKu5I4XT14WLpq00rQ\/exec?idsala=90809869039\" target=\"_blank\" rel=\"noreferrer noopener\">6\u00ba Ano<\/a><\/li><li><a href=\"https:\/\/script.google.com\/macros\/s\/AKfycbzYiKge3zMmcxADEpBnytHEJM3WJlr4NV__VrOIoA74Oygp_F_kBKu5I4XT14WLpq00rQ\/exec?idsala=90809869074\" target=\"_blank\" rel=\"noreferrer noopener\">7\u00ba Ano<\/a><\/li><li><a href=\"https:\/\/script.google.com\/macros\/s\/AKfycbzYiKge3zMmcxADEpBnytHEJM3WJlr4NV__VrOIoA74Oygp_F_kBKu5I4XT14WLpq00rQ\/exec?idsala=90809869122\" target=\"_blank\" rel=\"noreferrer noopener\">8\u00ba Ano<\/a><\/li><li><a href=\"https:\/\/script.google.com\/macros\/s\/AKfycbzYiKge3zMmcxADEpBnytHEJM3WJlr4NV__VrOIoA74Oygp_F_kBKu5I4XT14WLpq00rQ\/exec?idsala=90809869155\" target=\"_blank\" rel=\"noreferrer noopener\">9\u00ba Ano<\/a><\/li><\/ul>\n<\/div>\n<\/div>\n\n\n\n<p><\/p>\n","protected":false},"excerpt":{"rendered":"<p>O conte\u00fado das trilhas n\u00e3o substitui o curr\u00edculo escolar, nem o importante papel da escola e dos professores na educa\u00e7\u00e3o. O que apresentamos aqui s\u00e3o&#8230;<\/p>\n","protected":false},"author":1,"featured_media":0,"parent":1678,"menu_order":4,"comment_status":"closed","ping_status":"closed","template":"page-templates\/page-fullwidth.php","meta":{"_mi_skip_tracking":false},"tags":[],"yoast_head":"<!-- This site is optimized with the Yoast SEO plugin v18.7 - https:\/\/yoast.com\/wordpress\/plugins\/seo\/ -->\n<title>As trilhas - Google Classroom - Simplifica<\/title>\n<meta name=\"robots\" content=\"index, follow, max-snippet:-1, max-image-preview:large, max-video-preview:-1\" \/>\n<link rel=\"canonical\" href=\"https:\/\/www.amplifica.me\/simplifica\/?page_id=1765\" \/>\n<meta property=\"og:locale\" content=\"pt_BR\" \/>\n<meta property=\"og:type\" content=\"article\" \/>\n<meta property=\"og:title\" content=\"As trilhas - Google Classroom - Simplifica\" \/>\n<meta property=\"og:description\" content=\"O conte\u00fado das trilhas n\u00e3o substitui o curr\u00edculo escolar, nem o importante papel da escola e dos professores na educa\u00e7\u00e3o. O que apresentamos aqui s\u00e3o...\" \/>\n<meta property=\"og:url\" content=\"https:\/\/www.amplifica.me\/simplifica\/?page_id=1765\" \/>\n<meta property=\"og:site_name\" content=\"Simplifica\" \/>\n<meta property=\"article:modified_time\" content=\"2021-04-24T00:02:03+00:00\" \/>\n<meta property=\"og:image\" content=\"https:\/\/www.amplifica.me\/simplifica\/wp-content\/uploads\/2020\/05\/sala-no-classroom.png\" \/>\n<meta name=\"twitter:card\" content=\"summary_large_image\" \/>\n<meta name=\"twitter:label1\" content=\"Est. tempo de leitura\" \/>\n\t<meta name=\"twitter:data1\" content=\"1 minuto\" \/>\n<script type=\"application\/ld+json\" class=\"yoast-schema-graph\">{\"@context\":\"https:\/\/schema.org\",\"@graph\":[{\"@type\":\"WebSite\",\"@id\":\"https:\/\/www.amplifica.me\/simplifica\/#website\",\"url\":\"https:\/\/www.amplifica.me\/simplifica\/\",\"name\":\"Simplifica\",\"description\":\"Experi\u00eancias de Aprendizagem Gratuitas\",\"potentialAction\":[{\"@type\":\"SearchAction\",\"target\":{\"@type\":\"EntryPoint\",\"urlTemplate\":\"https:\/\/www.amplifica.me\/simplifica\/?s={search_term_string}\"},\"query-input\":\"required name=search_term_string\"}],\"inLanguage\":\"pt-BR\"},{\"@type\":\"ImageObject\",\"inLanguage\":\"pt-BR\",\"@id\":\"https:\/\/www.amplifica.me\/simplifica\/?page_id=1765#primaryimage\",\"url\":\"https:\/\/www.amplifica.me\/simplifica\/wp-content\/uploads\/2020\/05\/sala-no-classroom.png\",\"contentUrl\":\"https:\/\/www.amplifica.me\/simplifica\/wp-content\/uploads\/2020\/05\/sala-no-classroom.png\",\"width\":763,\"height\":449},{\"@type\":\"WebPage\",\"@id\":\"https:\/\/www.amplifica.me\/simplifica\/?page_id=1765#webpage\",\"url\":\"https:\/\/www.amplifica.me\/simplifica\/?page_id=1765\",\"name\":\"As trilhas - Google Classroom - Simplifica\",\"isPartOf\":{\"@id\":\"https:\/\/www.amplifica.me\/simplifica\/#website\"},\"primaryImageOfPage\":{\"@id\":\"https:\/\/www.amplifica.me\/simplifica\/?page_id=1765#primaryimage\"},\"datePublished\":\"2020-05-09T22:56:29+00:00\",\"dateModified\":\"2021-04-24T00:02:03+00:00\",\"breadcrumb\":{\"@id\":\"https:\/\/www.amplifica.me\/simplifica\/?page_id=1765#breadcrumb\"},\"inLanguage\":\"pt-BR\",\"potentialAction\":[{\"@type\":\"ReadAction\",\"target\":[\"https:\/\/www.amplifica.me\/simplifica\/?page_id=1765\"]}]},{\"@type\":\"BreadcrumbList\",\"@id\":\"https:\/\/www.amplifica.me\/simplifica\/?page_id=1765#breadcrumb\",\"itemListElement\":[{\"@type\":\"ListItem\",\"position\":1,\"name\":\"In\u00edcio\",\"item\":\"https:\/\/www.amplifica.me\/simplifica\/\"},{\"@type\":\"ListItem\",\"position\":2,\"name\":\"As trilhas\",\"item\":\"https:\/\/www.amplifica.me\/simplifica\/?page_id=1678\"},{\"@type\":\"ListItem\",\"position\":3,\"name\":\"As trilhas &#8211; Google Classroom\"}]}]}<\/script>\n<!-- \/ Yoast SEO plugin. -->","yoast_head_json":{"title":"As trilhas - Google Classroom - Simplifica","robots":{"index":"index","follow":"follow","max-snippet":"max-snippet:-1","max-image-preview":"max-image-preview:large","max-video-preview":"max-video-preview:-1"},"canonical":"https:\/\/www.amplifica.me\/simplifica\/?page_id=1765","og_locale":"pt_BR","og_type":"article","og_title":"As trilhas - Google Classroom - Simplifica","og_description":"O conte\u00fado das trilhas n\u00e3o substitui o curr\u00edculo escolar, nem o importante papel da escola e dos professores na educa\u00e7\u00e3o. O que apresentamos aqui s\u00e3o...","og_url":"https:\/\/www.amplifica.me\/simplifica\/?page_id=1765","og_site_name":"Simplifica","article_modified_time":"2021-04-24T00:02:03+00:00","og_image":[{"url":"https:\/\/www.amplifica.me\/simplifica\/wp-content\/uploads\/2020\/05\/sala-no-classroom.png"}],"twitter_card":"summary_large_image","twitter_misc":{"Est. tempo de leitura":"1 minuto"},"schema":{"@context":"https:\/\/schema.org","@graph":[{"@type":"WebSite","@id":"https:\/\/www.amplifica.me\/simplifica\/#website","url":"https:\/\/www.amplifica.me\/simplifica\/","name":"Simplifica","description":"Experi\u00eancias de Aprendizagem Gratuitas","potentialAction":[{"@type":"SearchAction","target":{"@type":"EntryPoint","urlTemplate":"https:\/\/www.amplifica.me\/simplifica\/?s={search_term_string}"},"query-input":"required name=search_term_string"}],"inLanguage":"pt-BR"},{"@type":"ImageObject","inLanguage":"pt-BR","@id":"https:\/\/www.amplifica.me\/simplifica\/?page_id=1765#primaryimage","url":"https:\/\/www.amplifica.me\/simplifica\/wp-content\/uploads\/2020\/05\/sala-no-classroom.png","contentUrl":"https:\/\/www.amplifica.me\/simplifica\/wp-content\/uploads\/2020\/05\/sala-no-classroom.png","width":763,"height":449},{"@type":"WebPage","@id":"https:\/\/www.amplifica.me\/simplifica\/?page_id=1765#webpage","url":"https:\/\/www.amplifica.me\/simplifica\/?page_id=1765","name":"As trilhas - Google Classroom - Simplifica","isPartOf":{"@id":"https:\/\/www.amplifica.me\/simplifica\/#website"},"primaryImageOfPage":{"@id":"https:\/\/www.amplifica.me\/simplifica\/?page_id=1765#primaryimage"},"datePublished":"2020-05-09T22:56:29+00:00","dateModified":"2021-04-24T00:02:03+00:00","breadcrumb":{"@id":"https:\/\/www.amplifica.me\/simplifica\/?page_id=1765#breadcrumb"},"inLanguage":"pt-BR","potentialAction":[{"@type":"ReadAction","target":["https:\/\/www.amplifica.me\/simplifica\/?page_id=1765"]}]},{"@type":"BreadcrumbList","@id":"https:\/\/www.amplifica.me\/simplifica\/?page_id=1765#breadcrumb","itemListElement":[{"@type":"ListItem","position":1,"name":"In\u00edcio","item":"https:\/\/www.amplifica.me\/simplifica\/"},{"@type":"ListItem","position":2,"name":"As trilhas","item":"https:\/\/www.amplifica.me\/simplifica\/?page_id=1678"},{"@type":"ListItem","position":3,"name":"As trilhas &#8211; Google Classroom"}]}]}},"_links":{"self":[{"href":"https:\/\/www.amplifica.me\/simplifica\/index.php?rest_route=\/wp\/v2\/pages\/1765"}],"collection":[{"href":"https:\/\/www.amplifica.me\/simplifica\/index.php?rest_route=\/wp\/v2\/pages"}],"about":[{"href":"https:\/\/www.amplifica.me\/simplifica\/index.php?rest_route=\/wp\/v2\/types\/page"}],"author":[{"embeddable":true,"href":"https:\/\/www.amplifica.me\/simplifica\/index.php?rest_route=\/wp\/v2\/users\/1"}],"replies":[{"embeddable":true,"href":"https:\/\/www.amplifica.me\/simplifica\/index.php?rest_route=%2Fwp%2Fv2%2Fcomments&post=1765"}],"version-history":[{"count":25,"href":"https:\/\/www.amplifica.me\/simplifica\/index.php?rest_route=\/wp\/v2\/pages\/1765\/revisions"}],"predecessor-version":[{"id":1981,"href":"https:\/\/www.amplifica.me\/simplifica\/index.php?rest_route=\/wp\/v2\/pages\/1765\/revisions\/1981"}],"up":[{"embeddable":true,"href":"https:\/\/www.amplifica.me\/simplifica\/index.php?rest_route=\/wp\/v2\/pages\/1678"}],"wp:attachment":[{"href":"https:\/\/www.amplifica.me\/simplifica\/index.php?rest_route=%2Fwp%2Fv2%2Fmedia&parent=1765"}],"wp:term":[{"taxonomy":"post_tag","embeddable":true,"href":"https:\/\/www.amplifica.me\/simplifica\/index.php?rest_route=%2Fwp%2Fv2%2Ftags&post=1765"}],"curies":[{"name":"wp","href":"https:\/\/api.w.org\/{rel}","templated":true}]}}