{"id":657,"date":"2020-04-25T22:44:19","date_gmt":"2020-04-26T01:44:19","guid":{"rendered":"https:\/\/www.amplifica.me\/simplifica\/?page_id=657"},"modified":"2020-05-20T17:30:35","modified_gmt":"2020-05-20T20:30:35","slug":"como-funciona","status":"publish","type":"page","link":"https:\/\/www.amplifica.me\/simplifica\/?page_id=657","title":{"rendered":"Como funciona"},"content":{"rendered":"\n<div class=\"wp-block-columns\">\n<div class=\"wp-block-column\">\n<figure class=\"wp-block-image size-large\"><a href=\"https:\/\/www.amplifica.me\/simplifica\/?page_id=1834\"><img loading=\"lazy\" width=\"763\" height=\"449\" src=\"https:\/\/www.amplifica.me\/simplifica\/wp-content\/uploads\/2020\/04\/website.png\" alt=\"\" class=\"wp-image-999\" srcset=\"https:\/\/www.amplifica.me\/simplifica\/wp-content\/uploads\/2020\/04\/website.png 763w, https:\/\/www.amplifica.me\/simplifica\/wp-content\/uploads\/2020\/04\/website-300x177.png 300w, https:\/\/www.amplifica.me\/simplifica\/wp-content\/uploads\/2020\/04\/website-100x59.png 100w, https:\/\/www.amplifica.me\/simplifica\/wp-content\/uploads\/2020\/04\/website-700x412.png 700w\" sizes=\"(max-width: 763px) 100vw, 763px\" \/><\/a><\/figure>\n<\/div>\n\n\n\n<div class=\"wp-block-column\">\n<p style=\"font-size:18px\">O portal <strong><a href=\"https:\/\/www.amplifica.me\/simplifica\">Simplifica<\/a> <\/strong>ser\u00e1 o seu destino para explorar trilhas de experi\u00eancias, ferramentas digitais e estrat\u00e9gias de planejamento criadas especialmente para voc\u00ea e sua comunidade escolar. As trilhas s\u00e3o gratuitas e apresentam toda a estrutura para que voc\u00ea possa criar percursos de aprendizagem, de at\u00e9 oito semanas, para seus estudantes.<\/p>\n\n\n\n<div class=\"wp-container-1 wp-block-buttons\">\n<div class=\"wp-block-button\"><a class=\"wp-block-button__link\" href=\"https:\/\/www.amplifica.me\/simplifica\/?page_id=1834\">Guias Simplifica<\/a><\/div>\n\n\n\n<div class=\"wp-block-button\"><a class=\"wp-block-button__link\" href=\"https:\/\/www.amplifica.me\/simplifica\/?page_id=1839\">Como Adaptar<\/a><\/div>\n<\/div>\n<\/div>\n<\/div>\n\n\n\n<hr class=\"wp-block-separator is-style-wide\"\/>\n\n\n\n<h1 class=\"has-text-align-center\">A cada semana novos temas, novas atividades, novos objetivos de aprendizagem e novos desafios.<\/h1>\n\n\n\n<div style=\"height:10px\" aria-hidden=\"true\" class=\"wp-block-spacer\"><\/div>\n\n\n\n<figure class=\"wp-block-gallery columns-4 is-cropped\"><ul class=\"blocks-gallery-grid\"><li class=\"blocks-gallery-item\"><figure><img loading=\"lazy\" width=\"960\" height=\"540\" src=\"https:\/\/www.amplifica.me\/simplifica\/wp-content\/uploads\/2020\/04\/GERAR-PDF-5o-Ano-Semana-1.png\" alt=\"\" data-id=\"1135\" data-full-url=\"https:\/\/www.amplifica.me\/simplifica\/?page_id=1678\" data-link=\"https:\/\/www.amplifica.me\/simplifica\/?page_id=1678\" class=\"wp-image-1135\" srcset=\"https:\/\/www.amplifica.me\/simplifica\/wp-content\/uploads\/2020\/04\/GERAR-PDF-5o-Ano-Semana-1.png 960w, https:\/\/www.amplifica.me\/simplifica\/wp-content\/uploads\/2020\/04\/GERAR-PDF-5o-Ano-Semana-1-300x169.png 300w, https:\/\/www.amplifica.me\/simplifica\/wp-content\/uploads\/2020\/04\/GERAR-PDF-5o-Ano-Semana-1-768x432.png 768w, https:\/\/www.amplifica.me\/simplifica\/wp-content\/uploads\/2020\/04\/GERAR-PDF-5o-Ano-Semana-1-100x56.png 100w, https:\/\/www.amplifica.me\/simplifica\/wp-content\/uploads\/2020\/04\/GERAR-PDF-5o-Ano-Semana-1-700x394.png 700w\" sizes=\"(max-width: 960px) 100vw, 960px\" \/><\/figure><\/li><li class=\"blocks-gallery-item\"><figure><img loading=\"lazy\" width=\"960\" height=\"540\" src=\"https:\/\/www.amplifica.me\/simplifica\/wp-content\/uploads\/2020\/04\/Simplifica-Template-Orienta\u00e7\u00f5es-Visuais-para-os-autores-10.png\" alt=\"\" data-id=\"1130\" data-full-url=\"https:\/\/www.amplifica.me\/simplifica\/wp-content\/uploads\/2020\/04\/Simplifica-Template-Orienta\u00e7\u00f5es-Visuais-para-os-autores-10.png\" data-link=\"https:\/\/www.amplifica.me\/simplifica\/?attachment_id=1130\" class=\"wp-image-1130\" srcset=\"https:\/\/www.amplifica.me\/simplifica\/wp-content\/uploads\/2020\/04\/Simplifica-Template-Orienta\u00e7\u00f5es-Visuais-para-os-autores-10.png 960w, https:\/\/www.amplifica.me\/simplifica\/wp-content\/uploads\/2020\/04\/Simplifica-Template-Orienta\u00e7\u00f5es-Visuais-para-os-autores-10-300x169.png 300w, https:\/\/www.amplifica.me\/simplifica\/wp-content\/uploads\/2020\/04\/Simplifica-Template-Orienta\u00e7\u00f5es-Visuais-para-os-autores-10-768x432.png 768w, https:\/\/www.amplifica.me\/simplifica\/wp-content\/uploads\/2020\/04\/Simplifica-Template-Orienta\u00e7\u00f5es-Visuais-para-os-autores-10-100x56.png 100w, https:\/\/www.amplifica.me\/simplifica\/wp-content\/uploads\/2020\/04\/Simplifica-Template-Orienta\u00e7\u00f5es-Visuais-para-os-autores-10-700x394.png 700w\" sizes=\"(max-width: 960px) 100vw, 960px\" \/><\/figure><\/li><li class=\"blocks-gallery-item\"><figure><img loading=\"lazy\" width=\"960\" height=\"540\" src=\"https:\/\/www.amplifica.me\/simplifica\/wp-content\/uploads\/2020\/04\/Simplifica-Template-Orienta\u00e7\u00f5es-Visuais-para-os-autores.png\" alt=\"\" data-id=\"1123\" data-full-url=\"https:\/\/www.amplifica.me\/simplifica\/wp-content\/uploads\/2020\/04\/Simplifica-Template-Orienta\u00e7\u00f5es-Visuais-para-os-autores.png\" data-link=\"https:\/\/www.amplifica.me\/simplifica\/?attachment_id=1123\" class=\"wp-image-1123\" srcset=\"https:\/\/www.amplifica.me\/simplifica\/wp-content\/uploads\/2020\/04\/Simplifica-Template-Orienta\u00e7\u00f5es-Visuais-para-os-autores.png 960w, https:\/\/www.amplifica.me\/simplifica\/wp-content\/uploads\/2020\/04\/Simplifica-Template-Orienta\u00e7\u00f5es-Visuais-para-os-autores-300x169.png 300w, https:\/\/www.amplifica.me\/simplifica\/wp-content\/uploads\/2020\/04\/Simplifica-Template-Orienta\u00e7\u00f5es-Visuais-para-os-autores-768x432.png 768w, https:\/\/www.amplifica.me\/simplifica\/wp-content\/uploads\/2020\/04\/Simplifica-Template-Orienta\u00e7\u00f5es-Visuais-para-os-autores-100x56.png 100w, https:\/\/www.amplifica.me\/simplifica\/wp-content\/uploads\/2020\/04\/Simplifica-Template-Orienta\u00e7\u00f5es-Visuais-para-os-autores-700x394.png 700w\" sizes=\"(max-width: 960px) 100vw, 960px\" \/><\/figure><\/li><li class=\"blocks-gallery-item\"><figure><img loading=\"lazy\" width=\"960\" height=\"540\" src=\"https:\/\/www.amplifica.me\/simplifica\/wp-content\/uploads\/2020\/04\/Simplifica-Template-Orienta\u00e7\u00f5es-Visuais-para-os-autores-6.png\" alt=\"\" data-id=\"1128\" data-full-url=\"https:\/\/www.amplifica.me\/simplifica\/wp-content\/uploads\/2020\/04\/Simplifica-Template-Orienta\u00e7\u00f5es-Visuais-para-os-autores-6.png\" data-link=\"https:\/\/www.amplifica.me\/simplifica\/?attachment_id=1128\" class=\"wp-image-1128\" srcset=\"https:\/\/www.amplifica.me\/simplifica\/wp-content\/uploads\/2020\/04\/Simplifica-Template-Orienta\u00e7\u00f5es-Visuais-para-os-autores-6.png 960w, https:\/\/www.amplifica.me\/simplifica\/wp-content\/uploads\/2020\/04\/Simplifica-Template-Orienta\u00e7\u00f5es-Visuais-para-os-autores-6-300x169.png 300w, https:\/\/www.amplifica.me\/simplifica\/wp-content\/uploads\/2020\/04\/Simplifica-Template-Orienta\u00e7\u00f5es-Visuais-para-os-autores-6-768x432.png 768w, https:\/\/www.amplifica.me\/simplifica\/wp-content\/uploads\/2020\/04\/Simplifica-Template-Orienta\u00e7\u00f5es-Visuais-para-os-autores-6-100x56.png 100w, https:\/\/www.amplifica.me\/simplifica\/wp-content\/uploads\/2020\/04\/Simplifica-Template-Orienta\u00e7\u00f5es-Visuais-para-os-autores-6-700x394.png 700w\" sizes=\"(max-width: 960px) 100vw, 960px\" \/><\/figure><\/li><li class=\"blocks-gallery-item\"><figure><img loading=\"lazy\" width=\"960\" height=\"540\" src=\"https:\/\/www.amplifica.me\/simplifica\/wp-content\/uploads\/2020\/04\/Simplifica-Template-Orienta\u00e7\u00f5es-Visuais-para-os-autores-2.png\" alt=\"\" data-id=\"1121\" data-full-url=\"https:\/\/www.amplifica.me\/simplifica\/wp-content\/uploads\/2020\/04\/Simplifica-Template-Orienta\u00e7\u00f5es-Visuais-para-os-autores-2.png\" data-link=\"https:\/\/www.amplifica.me\/simplifica\/?attachment_id=1121\" class=\"wp-image-1121\" srcset=\"https:\/\/www.amplifica.me\/simplifica\/wp-content\/uploads\/2020\/04\/Simplifica-Template-Orienta\u00e7\u00f5es-Visuais-para-os-autores-2.png 960w, https:\/\/www.amplifica.me\/simplifica\/wp-content\/uploads\/2020\/04\/Simplifica-Template-Orienta\u00e7\u00f5es-Visuais-para-os-autores-2-300x169.png 300w, https:\/\/www.amplifica.me\/simplifica\/wp-content\/uploads\/2020\/04\/Simplifica-Template-Orienta\u00e7\u00f5es-Visuais-para-os-autores-2-768x432.png 768w, https:\/\/www.amplifica.me\/simplifica\/wp-content\/uploads\/2020\/04\/Simplifica-Template-Orienta\u00e7\u00f5es-Visuais-para-os-autores-2-100x56.png 100w, https:\/\/www.amplifica.me\/simplifica\/wp-content\/uploads\/2020\/04\/Simplifica-Template-Orienta\u00e7\u00f5es-Visuais-para-os-autores-2-700x394.png 700w\" sizes=\"(max-width: 960px) 100vw, 960px\" \/><\/figure><\/li><li class=\"blocks-gallery-item\"><figure><img loading=\"lazy\" width=\"960\" height=\"540\" src=\"https:\/\/www.amplifica.me\/simplifica\/wp-content\/uploads\/2020\/04\/Simplifica-Template-Orienta\u00e7\u00f5es-Visuais-para-os-autores-7.png\" alt=\"\" data-id=\"1127\" data-full-url=\"https:\/\/www.amplifica.me\/simplifica\/wp-content\/uploads\/2020\/04\/Simplifica-Template-Orienta\u00e7\u00f5es-Visuais-para-os-autores-7.png\" data-link=\"https:\/\/www.amplifica.me\/simplifica\/?attachment_id=1127\" class=\"wp-image-1127\" srcset=\"https:\/\/www.amplifica.me\/simplifica\/wp-content\/uploads\/2020\/04\/Simplifica-Template-Orienta\u00e7\u00f5es-Visuais-para-os-autores-7.png 960w, https:\/\/www.amplifica.me\/simplifica\/wp-content\/uploads\/2020\/04\/Simplifica-Template-Orienta\u00e7\u00f5es-Visuais-para-os-autores-7-300x169.png 300w, https:\/\/www.amplifica.me\/simplifica\/wp-content\/uploads\/2020\/04\/Simplifica-Template-Orienta\u00e7\u00f5es-Visuais-para-os-autores-7-768x432.png 768w, https:\/\/www.amplifica.me\/simplifica\/wp-content\/uploads\/2020\/04\/Simplifica-Template-Orienta\u00e7\u00f5es-Visuais-para-os-autores-7-100x56.png 100w, https:\/\/www.amplifica.me\/simplifica\/wp-content\/uploads\/2020\/04\/Simplifica-Template-Orienta\u00e7\u00f5es-Visuais-para-os-autores-7-700x394.png 700w\" sizes=\"(max-width: 960px) 100vw, 960px\" \/><\/figure><\/li><li class=\"blocks-gallery-item\"><figure><img loading=\"lazy\" width=\"960\" height=\"540\" src=\"https:\/\/www.amplifica.me\/simplifica\/wp-content\/uploads\/2020\/04\/Simplifica-Template-Orienta\u00e7\u00f5es-Visuais-para-os-autores-4.png\" alt=\"\" data-id=\"1119\" data-full-url=\"https:\/\/www.amplifica.me\/simplifica\/wp-content\/uploads\/2020\/04\/Simplifica-Template-Orienta\u00e7\u00f5es-Visuais-para-os-autores-4.png\" data-link=\"https:\/\/www.amplifica.me\/simplifica\/?attachment_id=1119\" class=\"wp-image-1119\" srcset=\"https:\/\/www.amplifica.me\/simplifica\/wp-content\/uploads\/2020\/04\/Simplifica-Template-Orienta\u00e7\u00f5es-Visuais-para-os-autores-4.png 960w, https:\/\/www.amplifica.me\/simplifica\/wp-content\/uploads\/2020\/04\/Simplifica-Template-Orienta\u00e7\u00f5es-Visuais-para-os-autores-4-300x169.png 300w, https:\/\/www.amplifica.me\/simplifica\/wp-content\/uploads\/2020\/04\/Simplifica-Template-Orienta\u00e7\u00f5es-Visuais-para-os-autores-4-768x432.png 768w, https:\/\/www.amplifica.me\/simplifica\/wp-content\/uploads\/2020\/04\/Simplifica-Template-Orienta\u00e7\u00f5es-Visuais-para-os-autores-4-100x56.png 100w, https:\/\/www.amplifica.me\/simplifica\/wp-content\/uploads\/2020\/04\/Simplifica-Template-Orienta\u00e7\u00f5es-Visuais-para-os-autores-4-700x394.png 700w\" sizes=\"(max-width: 960px) 100vw, 960px\" \/><\/figure><\/li><li class=\"blocks-gallery-item\"><figure><img loading=\"lazy\" width=\"960\" height=\"540\" src=\"https:\/\/www.amplifica.me\/simplifica\/wp-content\/uploads\/2020\/04\/Simplifica-Template-Orienta\u00e7\u00f5es-Visuais-para-os-autores-9.png\" alt=\"\" data-id=\"1125\" data-full-url=\"https:\/\/www.amplifica.me\/simplifica\/wp-content\/uploads\/2020\/04\/Simplifica-Template-Orienta\u00e7\u00f5es-Visuais-para-os-autores-9.png\" data-link=\"https:\/\/www.amplifica.me\/simplifica\/?attachment_id=1125\" class=\"wp-image-1125\" srcset=\"https:\/\/www.amplifica.me\/simplifica\/wp-content\/uploads\/2020\/04\/Simplifica-Template-Orienta\u00e7\u00f5es-Visuais-para-os-autores-9.png 960w, https:\/\/www.amplifica.me\/simplifica\/wp-content\/uploads\/2020\/04\/Simplifica-Template-Orienta\u00e7\u00f5es-Visuais-para-os-autores-9-300x169.png 300w, https:\/\/www.amplifica.me\/simplifica\/wp-content\/uploads\/2020\/04\/Simplifica-Template-Orienta\u00e7\u00f5es-Visuais-para-os-autores-9-768x432.png 768w, https:\/\/www.amplifica.me\/simplifica\/wp-content\/uploads\/2020\/04\/Simplifica-Template-Orienta\u00e7\u00f5es-Visuais-para-os-autores-9-100x56.png 100w, https:\/\/www.amplifica.me\/simplifica\/wp-content\/uploads\/2020\/04\/Simplifica-Template-Orienta\u00e7\u00f5es-Visuais-para-os-autores-9-700x394.png 700w\" sizes=\"(max-width: 960px) 100vw, 960px\" \/><\/figure><\/li><\/ul><\/figure>\n\n\n\n<div style=\"height:10px\" aria-hidden=\"true\" class=\"wp-block-spacer\"><\/div>\n\n\n\n<hr class=\"wp-block-separator is-style-wide\"\/>\n\n\n\n<h2>Para anos iniciais<\/h2>\n\n\n\n<div class=\"wp-block-columns\">\n<div class=\"wp-block-column\" style=\"flex-basis:33.33%\">\n<figure class=\"wp-block-image size-large is-resized\"><img loading=\"lazy\" src=\"https:\/\/www.amplifica.me\/simplifica\/wp-content\/uploads\/2020\/04\/nos-anos-iniciais.jpg\" alt=\"\" class=\"wp-image-1049\" width=\"320\" height=\"213\" srcset=\"https:\/\/www.amplifica.me\/simplifica\/wp-content\/uploads\/2020\/04\/nos-anos-iniciais.jpg 640w, https:\/\/www.amplifica.me\/simplifica\/wp-content\/uploads\/2020\/04\/nos-anos-iniciais-300x200.jpg 300w, https:\/\/www.amplifica.me\/simplifica\/wp-content\/uploads\/2020\/04\/nos-anos-iniciais-100x67.jpg 100w\" sizes=\"(max-width: 320px) 100vw, 320px\" \/><\/figure>\n<\/div>\n\n\n\n<div class=\"wp-block-column\" style=\"flex-basis:66.66%\">\n<p>Todas as semanas come\u00e7am ou finalizam com um est\u00edmulo \u00e0 sa\u00fade socioemocional de cada crian\u00e7a e terminam com um incr\u00edvel momento, com a comunidade, de partilha de descobertas. Para cada experi\u00eancia h\u00e1 uma ficha t\u00e9cnica apresentando todos os elementos estruturantes que a comp\u00f5e.<\/p>\n\n\n\n<p>Al\u00e9m das experi\u00eancias di\u00e1rias de aprendizagem, neste modelo pedag\u00f3gico, as crian\u00e7as s\u00e3o estimuladas a organizarem o seu espa\u00e7o e a constru\u00edrem um <strong>Di\u00e1rio de Bordo<\/strong> para registro de todo o aprendizado; tamb\u00e9m, s\u00e3o convidadas a participarem de atividades l\u00fadicas que promovem&nbsp; o bem-estar.<\/p>\n<\/div>\n<\/div>\n\n\n\n<h2>Para os anos finais<\/h2>\n\n\n\n<div class=\"wp-block-columns\">\n<div class=\"wp-block-column\" style=\"flex-basis:33.33%\">\n<figure class=\"wp-block-image size-large\"><img loading=\"lazy\" width=\"640\" height=\"426\" src=\"https:\/\/www.amplifica.me\/simplifica\/wp-content\/uploads\/2020\/04\/nos-anos-finais.jpg\" alt=\"\" class=\"wp-image-1054\" srcset=\"https:\/\/www.amplifica.me\/simplifica\/wp-content\/uploads\/2020\/04\/nos-anos-finais.jpg 640w, https:\/\/www.amplifica.me\/simplifica\/wp-content\/uploads\/2020\/04\/nos-anos-finais-300x200.jpg 300w, https:\/\/www.amplifica.me\/simplifica\/wp-content\/uploads\/2020\/04\/nos-anos-finais-100x67.jpg 100w\" sizes=\"(max-width: 640px) 100vw, 640px\" \/><\/figure>\n<\/div>\n\n\n\n<div class=\"wp-block-column\" style=\"flex-basis:66.66%\">\n<p>As semanas come\u00e7am com um est\u00edmulo \u00e0 sa\u00fade socioemocional de cada jovem e terminam com um incr\u00edvel momento, com a comunidade, de partilha de descobertas. Para cada experi\u00eancia, h\u00e1 uma ficha t\u00e9cnica apresentando todos os elementos estruturantes que a comp\u00f5em e, entre duas experi\u00eancias, temos o momento de bem-estar, com 10 minutos de exerc\u00edcio f\u00edsico.&nbsp;<\/p>\n\n\n\n<p>Os jovens s\u00e3o, tamb\u00e9m, estimulados a organizarem o seu espa\u00e7o e a constru\u00edrem um <strong>Di\u00e1rio de Bordo<\/strong> para sistematiza\u00e7\u00e3o e registro de todo o aprendizado.<\/p>\n<\/div>\n<\/div>\n\n\n\n<hr class=\"wp-block-separator is-style-wide\"\/>\n","protected":false},"excerpt":{"rendered":"<p>O portal Simplifica ser\u00e1 o seu destino para explorar trilhas de experi\u00eancias, ferramentas digitais e estrat\u00e9gias de planejamento criadas especialmente para voc\u00ea e sua comunidade&#8230;<\/p>\n","protected":false},"author":1,"featured_media":0,"parent":0,"menu_order":2,"comment_status":"closed","ping_status":"closed","template":"","meta":{"_mi_skip_tracking":false},"tags":[],"yoast_head":"<!-- This site is optimized with the Yoast SEO plugin v18.7 - https:\/\/yoast.com\/wordpress\/plugins\/seo\/ -->\n<title>Como funciona - Simplifica<\/title>\n<meta name=\"description\" content=\"O portal Simplifica ser\u00e1 o seu destino para explorar trilhas de experi\u00eancias, ferramentas digitais e estrat\u00e9gias de planejamento criadas para voc\u00ea e sua comunidade escolar.\" \/>\n<meta name=\"robots\" content=\"index, follow, max-snippet:-1, max-image-preview:large, max-video-preview:-1\" \/>\n<link rel=\"canonical\" href=\"https:\/\/www.amplifica.me\/simplifica\/?page_id=657\" \/>\n<meta property=\"og:locale\" content=\"pt_BR\" \/>\n<meta property=\"og:type\" content=\"article\" \/>\n<meta property=\"og:title\" content=\"Como funciona o Simplifica\" \/>\n<meta property=\"og:description\" content=\"O portal Simplifica ser\u00e1 o seu destino para explorar trilhas de experi\u00eancias, ferramentas digitais e estrat\u00e9gias de planejamento criadas para voc\u00ea e sua comunidade escolar.\" \/>\n<meta property=\"og:url\" content=\"https:\/\/www.amplifica.me\/simplifica\/?page_id=657\" \/>\n<meta property=\"og:site_name\" content=\"Simplifica\" \/>\n<meta property=\"article:modified_time\" content=\"2020-05-20T20:30:35+00:00\" \/>\n<meta property=\"og:image\" content=\"https:\/\/www.amplifica.me\/simplifica\/wp-content\/uploads\/2020\/04\/thumb-geral-simplifica-03.png\" \/>\n\t<meta property=\"og:image:width\" content=\"870\" \/>\n\t<meta property=\"og:image:height\" content=\"452\" \/>\n\t<meta property=\"og:image:type\" content=\"image\/png\" \/>\n<meta name=\"twitter:card\" content=\"summary_large_image\" \/>\n<meta name=\"twitter:title\" content=\"Como funciona o Simplifica\" \/>\n<meta name=\"twitter:description\" content=\"O portal Simplifica ser\u00e1 o seu destino para explorar trilhas de experi\u00eancias, ferramentas digitais e estrat\u00e9gias de planejamento criadas para voc\u00ea e sua comunidade escolar.\" \/>\n<meta name=\"twitter:label1\" content=\"Est. tempo de leitura\" \/>\n\t<meta name=\"twitter:data1\" content=\"1 minuto\" \/>\n<script type=\"application\/ld+json\" class=\"yoast-schema-graph\">{\"@context\":\"https:\/\/schema.org\",\"@graph\":[{\"@type\":\"WebSite\",\"@id\":\"https:\/\/www.amplifica.me\/simplifica\/#website\",\"url\":\"https:\/\/www.amplifica.me\/simplifica\/\",\"name\":\"Simplifica\",\"description\":\"Experi\u00eancias de Aprendizagem Gratuitas\",\"potentialAction\":[{\"@type\":\"SearchAction\",\"target\":{\"@type\":\"EntryPoint\",\"urlTemplate\":\"https:\/\/www.amplifica.me\/simplifica\/?s={search_term_string}\"},\"query-input\":\"required name=search_term_string\"}],\"inLanguage\":\"pt-BR\"},{\"@type\":\"ImageObject\",\"inLanguage\":\"pt-BR\",\"@id\":\"https:\/\/www.amplifica.me\/simplifica\/?page_id=657#primaryimage\",\"url\":\"https:\/\/www.amplifica.me\/simplifica\/wp-content\/uploads\/2020\/04\/thumb-geral-simplifica-03.png\",\"contentUrl\":\"https:\/\/www.amplifica.me\/simplifica\/wp-content\/uploads\/2020\/04\/thumb-geral-simplifica-03.png\",\"width\":870,\"height\":452,\"caption\":\"Como funciona o Simplifica\"},{\"@type\":\"WebPage\",\"@id\":\"https:\/\/www.amplifica.me\/simplifica\/?page_id=657#webpage\",\"url\":\"https:\/\/www.amplifica.me\/simplifica\/?page_id=657\",\"name\":\"Como funciona - Simplifica\",\"isPartOf\":{\"@id\":\"https:\/\/www.amplifica.me\/simplifica\/#website\"},\"primaryImageOfPage\":{\"@id\":\"https:\/\/www.amplifica.me\/simplifica\/?page_id=657#primaryimage\"},\"datePublished\":\"2020-04-26T01:44:19+00:00\",\"dateModified\":\"2020-05-20T20:30:35+00:00\",\"description\":\"O portal Simplifica ser\u00e1 o seu destino para explorar trilhas de experi\u00eancias, ferramentas digitais e estrat\u00e9gias de planejamento criadas para voc\u00ea e sua comunidade escolar.\",\"breadcrumb\":{\"@id\":\"https:\/\/www.amplifica.me\/simplifica\/?page_id=657#breadcrumb\"},\"inLanguage\":\"pt-BR\",\"potentialAction\":[{\"@type\":\"ReadAction\",\"target\":[\"https:\/\/www.amplifica.me\/simplifica\/?page_id=657\"]}]},{\"@type\":\"BreadcrumbList\",\"@id\":\"https:\/\/www.amplifica.me\/simplifica\/?page_id=657#breadcrumb\",\"itemListElement\":[{\"@type\":\"ListItem\",\"position\":1,\"name\":\"In\u00edcio\",\"item\":\"https:\/\/www.amplifica.me\/simplifica\/\"},{\"@type\":\"ListItem\",\"position\":2,\"name\":\"Como funciona\"}]}]}<\/script>\n<!-- \/ Yoast SEO plugin. -->","yoast_head_json":{"title":"Como funciona - Simplifica","description":"O portal Simplifica ser\u00e1 o seu destino para explorar trilhas de experi\u00eancias, ferramentas digitais e estrat\u00e9gias de planejamento criadas para voc\u00ea e sua comunidade escolar.","robots":{"index":"index","follow":"follow","max-snippet":"max-snippet:-1","max-image-preview":"max-image-preview:large","max-video-preview":"max-video-preview:-1"},"canonical":"https:\/\/www.amplifica.me\/simplifica\/?page_id=657","og_locale":"pt_BR","og_type":"article","og_title":"Como funciona o Simplifica","og_description":"O portal Simplifica ser\u00e1 o seu destino para explorar trilhas de experi\u00eancias, ferramentas digitais e estrat\u00e9gias de planejamento criadas para voc\u00ea e sua comunidade escolar.","og_url":"https:\/\/www.amplifica.me\/simplifica\/?page_id=657","og_site_name":"Simplifica","article_modified_time":"2020-05-20T20:30:35+00:00","og_image":[{"width":870,"height":452,"url":"https:\/\/www.amplifica.me\/simplifica\/wp-content\/uploads\/2020\/04\/thumb-geral-simplifica-03.png","type":"image\/png"}],"twitter_card":"summary_large_image","twitter_title":"Como funciona o Simplifica","twitter_description":"O portal Simplifica ser\u00e1 o seu destino para explorar trilhas de experi\u00eancias, ferramentas digitais e estrat\u00e9gias de planejamento criadas para voc\u00ea e sua comunidade escolar.","twitter_misc":{"Est. tempo de leitura":"1 minuto"},"schema":{"@context":"https:\/\/schema.org","@graph":[{"@type":"WebSite","@id":"https:\/\/www.amplifica.me\/simplifica\/#website","url":"https:\/\/www.amplifica.me\/simplifica\/","name":"Simplifica","description":"Experi\u00eancias de Aprendizagem Gratuitas","potentialAction":[{"@type":"SearchAction","target":{"@type":"EntryPoint","urlTemplate":"https:\/\/www.amplifica.me\/simplifica\/?s={search_term_string}"},"query-input":"required name=search_term_string"}],"inLanguage":"pt-BR"},{"@type":"ImageObject","inLanguage":"pt-BR","@id":"https:\/\/www.amplifica.me\/simplifica\/?page_id=657#primaryimage","url":"https:\/\/www.amplifica.me\/simplifica\/wp-content\/uploads\/2020\/04\/thumb-geral-simplifica-03.png","contentUrl":"https:\/\/www.amplifica.me\/simplifica\/wp-content\/uploads\/2020\/04\/thumb-geral-simplifica-03.png","width":870,"height":452,"caption":"Como funciona o Simplifica"},{"@type":"WebPage","@id":"https:\/\/www.amplifica.me\/simplifica\/?page_id=657#webpage","url":"https:\/\/www.amplifica.me\/simplifica\/?page_id=657","name":"Como funciona - Simplifica","isPartOf":{"@id":"https:\/\/www.amplifica.me\/simplifica\/#website"},"primaryImageOfPage":{"@id":"https:\/\/www.amplifica.me\/simplifica\/?page_id=657#primaryimage"},"datePublished":"2020-04-26T01:44:19+00:00","dateModified":"2020-05-20T20:30:35+00:00","description":"O portal Simplifica ser\u00e1 o seu destino para explorar trilhas de experi\u00eancias, ferramentas digitais e estrat\u00e9gias de planejamento criadas para voc\u00ea e sua comunidade escolar.","breadcrumb":{"@id":"https:\/\/www.amplifica.me\/simplifica\/?page_id=657#breadcrumb"},"inLanguage":"pt-BR","potentialAction":[{"@type":"ReadAction","target":["https:\/\/www.amplifica.me\/simplifica\/?page_id=657"]}]},{"@type":"BreadcrumbList","@id":"https:\/\/www.amplifica.me\/simplifica\/?page_id=657#breadcrumb","itemListElement":[{"@type":"ListItem","position":1,"name":"In\u00edcio","item":"https:\/\/www.amplifica.me\/simplifica\/"},{"@type":"ListItem","position":2,"name":"Como funciona"}]}]}},"_links":{"self":[{"href":"https:\/\/www.amplifica.me\/simplifica\/index.php?rest_route=\/wp\/v2\/pages\/657"}],"collection":[{"href":"https:\/\/www.amplifica.me\/simplifica\/index.php?rest_route=\/wp\/v2\/pages"}],"about":[{"href":"https:\/\/www.amplifica.me\/simplifica\/index.php?rest_route=\/wp\/v2\/types\/page"}],"author":[{"embeddable":true,"href":"https:\/\/www.amplifica.me\/simplifica\/index.php?rest_route=\/wp\/v2\/users\/1"}],"replies":[{"embeddable":true,"href":"https:\/\/www.amplifica.me\/simplifica\/index.php?rest_route=%2Fwp%2Fv2%2Fcomments&post=657"}],"version-history":[{"count":105,"href":"https:\/\/www.amplifica.me\/simplifica\/index.php?rest_route=\/wp\/v2\/pages\/657\/revisions"}],"predecessor-version":[{"id":1871,"href":"https:\/\/www.amplifica.me\/simplifica\/index.php?rest_route=\/wp\/v2\/pages\/657\/revisions\/1871"}],"wp:attachment":[{"href":"https:\/\/www.amplifica.me\/simplifica\/index.php?rest_route=%2Fwp%2Fv2%2Fmedia&parent=657"}],"wp:term":[{"taxonomy":"post_tag","embeddable":true,"href":"https:\/\/www.amplifica.me\/simplifica\/index.php?rest_route=%2Fwp%2Fv2%2Ftags&post=657"}],"curies":[{"name":"wp","href":"https:\/\/api.w.org\/{rel}","templated":true}]}}