{"id":783,"date":"2020-04-26T12:04:12","date_gmt":"2020-04-26T15:04:12","guid":{"rendered":"https:\/\/www.amplifica.me\/simplifica\/?page_id=783"},"modified":"2020-05-20T13:04:29","modified_gmt":"2020-05-20T16:04:29","slug":"extras","status":"publish","type":"page","link":"https:\/\/www.amplifica.me\/simplifica\/?page_id=783","title":{"rendered":"Extras"},"content":{"rendered":"\n<h2><strong>Recursos de aprendizagem<\/strong><\/h2>\n\n\n\n<p>N\u00e3o existe um guia infal\u00edvel para alcan\u00e7ar o sucesso na vida, mas a equipe <strong>Simplifica <\/strong>preparou um ambiente online cheio de dicas incr\u00edveis para voc\u00ea evoluir profissionalmente e buscar sempre algo novo para aprender tamb\u00e9m.<\/p>\n\n\n\n<hr class=\"wp-block-separator is-style-wide\"\/>\n\n\n\n<div class=\"wp-block-columns\">\n<div class=\"wp-block-column\">\n<figure class=\"wp-block-image size-large\"><a href=\"https:\/\/www.amplifica.me\/simplifica\/?page_id=1208\"><img loading=\"lazy\" width=\"755\" height=\"453\" src=\"https:\/\/www.amplifica.me\/simplifica\/wp-content\/uploads\/2020\/04\/Extras-_-I\u0301cones-4.jpg\" alt=\"\" class=\"wp-image-872\" srcset=\"https:\/\/www.amplifica.me\/simplifica\/wp-content\/uploads\/2020\/04\/Extras-_-I\u0301cones-4.jpg 755w, https:\/\/www.amplifica.me\/simplifica\/wp-content\/uploads\/2020\/04\/Extras-_-I\u0301cones-4-300x180.jpg 300w, https:\/\/www.amplifica.me\/simplifica\/wp-content\/uploads\/2020\/04\/Extras-_-I\u0301cones-4-100x60.jpg 100w, https:\/\/www.amplifica.me\/simplifica\/wp-content\/uploads\/2020\/04\/Extras-_-I\u0301cones-4-700x420.jpg 700w\" sizes=\"(max-width: 755px) 100vw, 755px\" \/><\/a><\/figure>\n\n\n\n<div class=\"wp-block-image\"><figure class=\"aligncenter size-large\"><a href=\"https:\/\/www.amplifica.me\/simplifica\/?page_id=1206\"><img loading=\"lazy\" width=\"755\" height=\"453\" src=\"https:\/\/www.amplifica.me\/simplifica\/wp-content\/uploads\/2020\/04\/Extras-_-I\u0301cones-1.jpg\" alt=\"\" class=\"wp-image-863\" srcset=\"https:\/\/www.amplifica.me\/simplifica\/wp-content\/uploads\/2020\/04\/Extras-_-I\u0301cones-1.jpg 755w, https:\/\/www.amplifica.me\/simplifica\/wp-content\/uploads\/2020\/04\/Extras-_-I\u0301cones-1-300x180.jpg 300w, https:\/\/www.amplifica.me\/simplifica\/wp-content\/uploads\/2020\/04\/Extras-_-I\u0301cones-1-100x60.jpg 100w, https:\/\/www.amplifica.me\/simplifica\/wp-content\/uploads\/2020\/04\/Extras-_-I\u0301cones-1-700x420.jpg 700w\" sizes=\"(max-width: 755px) 100vw, 755px\" \/><\/a><\/figure><\/div>\n<\/div>\n\n\n\n<div class=\"wp-block-column\">\n<figure class=\"wp-block-image size-large\"><a href=\"https:\/\/www.amplifica.me\/simplifica\/?page_id=1210\"><img loading=\"lazy\" width=\"755\" height=\"453\" src=\"https:\/\/www.amplifica.me\/simplifica\/wp-content\/uploads\/2020\/04\/Extras-_-I\u0301cones-7.jpg\" alt=\"\" class=\"wp-image-875\" srcset=\"https:\/\/www.amplifica.me\/simplifica\/wp-content\/uploads\/2020\/04\/Extras-_-I\u0301cones-7.jpg 755w, https:\/\/www.amplifica.me\/simplifica\/wp-content\/uploads\/2020\/04\/Extras-_-I\u0301cones-7-300x180.jpg 300w, https:\/\/www.amplifica.me\/simplifica\/wp-content\/uploads\/2020\/04\/Extras-_-I\u0301cones-7-100x60.jpg 100w, https:\/\/www.amplifica.me\/simplifica\/wp-content\/uploads\/2020\/04\/Extras-_-I\u0301cones-7-700x420.jpg 700w\" sizes=\"(max-width: 755px) 100vw, 755px\" \/><\/a><\/figure>\n\n\n\n<figure class=\"wp-block-image size-large\"><a href=\"https:\/\/www.amplifica.me\/simplifica\/?page_id=1204\"><img loading=\"lazy\" width=\"755\" height=\"453\" src=\"https:\/\/www.amplifica.me\/simplifica\/wp-content\/uploads\/2020\/04\/Extras-_-I\u0301cones-3.jpg\" alt=\"\" class=\"wp-image-871\" srcset=\"https:\/\/www.amplifica.me\/simplifica\/wp-content\/uploads\/2020\/04\/Extras-_-I\u0301cones-3.jpg 755w, https:\/\/www.amplifica.me\/simplifica\/wp-content\/uploads\/2020\/04\/Extras-_-I\u0301cones-3-300x180.jpg 300w, https:\/\/www.amplifica.me\/simplifica\/wp-content\/uploads\/2020\/04\/Extras-_-I\u0301cones-3-100x60.jpg 100w, https:\/\/www.amplifica.me\/simplifica\/wp-content\/uploads\/2020\/04\/Extras-_-I\u0301cones-3-700x420.jpg 700w\" sizes=\"(max-width: 755px) 100vw, 755px\" \/><\/a><\/figure>\n<\/div>\n\n\n\n<div class=\"wp-block-column\">\n<figure class=\"wp-block-image size-large\"><a href=\"https:\/\/www.amplifica.me\/simplifica\/?page_id=1212\"><img loading=\"lazy\" width=\"755\" height=\"453\" src=\"https:\/\/www.amplifica.me\/simplifica\/wp-content\/uploads\/2020\/04\/Extras-_-I\u0301cones-5.jpg\" alt=\"\" class=\"wp-image-873\" srcset=\"https:\/\/www.amplifica.me\/simplifica\/wp-content\/uploads\/2020\/04\/Extras-_-I\u0301cones-5.jpg 755w, https:\/\/www.amplifica.me\/simplifica\/wp-content\/uploads\/2020\/04\/Extras-_-I\u0301cones-5-300x180.jpg 300w, https:\/\/www.amplifica.me\/simplifica\/wp-content\/uploads\/2020\/04\/Extras-_-I\u0301cones-5-100x60.jpg 100w, https:\/\/www.amplifica.me\/simplifica\/wp-content\/uploads\/2020\/04\/Extras-_-I\u0301cones-5-700x420.jpg 700w\" sizes=\"(max-width: 755px) 100vw, 755px\" \/><\/a><\/figure>\n\n\n\n<figure class=\"wp-block-image size-large\"><a href=\"https:\/\/www.youtube.com\/playlist?list=PLFoReHFaqv6IbqyB4qBAlqXMdwaYDB0ec\" target=\"_blank\" rel=\"noopener noreferrer\"><img loading=\"lazy\" width=\"756\" height=\"426\" src=\"https:\/\/www.amplifica.me\/simplifica\/wp-content\/uploads\/2020\/05\/lives-programa-simplifica.png\" alt=\"Lives Programa Simplifica\" class=\"wp-image-1828\" srcset=\"https:\/\/www.amplifica.me\/simplifica\/wp-content\/uploads\/2020\/05\/lives-programa-simplifica.png 756w, https:\/\/www.amplifica.me\/simplifica\/wp-content\/uploads\/2020\/05\/lives-programa-simplifica-300x169.png 300w, https:\/\/www.amplifica.me\/simplifica\/wp-content\/uploads\/2020\/05\/lives-programa-simplifica-100x56.png 100w, https:\/\/www.amplifica.me\/simplifica\/wp-content\/uploads\/2020\/05\/lives-programa-simplifica-700x394.png 700w\" sizes=\"(max-width: 756px) 100vw, 756px\" \/><\/a><\/figure>\n<\/div>\n<\/div>\n","protected":false},"excerpt":{"rendered":"<p>Recursos de aprendizagem N\u00e3o existe um guia infal\u00edvel para alcan\u00e7ar o sucesso na vida, mas a equipe Simplifica preparou um ambiente online cheio de dicas&#8230;<\/p>\n","protected":false},"author":1,"featured_media":0,"parent":0,"menu_order":5,"comment_status":"closed","ping_status":"closed","template":"page-templates\/page-fullwidth.php","meta":{"_mi_skip_tracking":false},"tags":[],"yoast_head":"<!-- This site is optimized with the Yoast SEO plugin v18.7 - https:\/\/yoast.com\/wordpress\/plugins\/seo\/ -->\n<title>Extras - Simplifica<\/title>\n<meta name=\"description\" content=\"N\u00e3o existe guia infal\u00edvel. Por isso o Simplifica preparou um ambiente online cheio de dicas incr\u00edveis para voc\u00ea evoluir e buscar sempre algo novo para aprender.\" \/>\n<meta name=\"robots\" content=\"index, follow, max-snippet:-1, max-image-preview:large, max-video-preview:-1\" \/>\n<link rel=\"canonical\" href=\"https:\/\/www.amplifica.me\/simplifica\/?page_id=783\" \/>\n<meta property=\"og:locale\" content=\"pt_BR\" \/>\n<meta property=\"og:type\" content=\"article\" \/>\n<meta property=\"og:title\" content=\"Extras Simplifica\" \/>\n<meta property=\"og:description\" content=\"N\u00e3o existe um guia infal\u00edvel para alcan\u00e7ar o sucesso na vida, mas a equipe Simplifica preparou um ambiente online cheio de dicas incr\u00edveis para voc\u00ea evoluir profissionalmente e buscar sempre algo novo para aprender tamb\u00e9m.\" \/>\n<meta property=\"og:url\" content=\"https:\/\/www.amplifica.me\/simplifica\/?page_id=783\" \/>\n<meta property=\"og:site_name\" content=\"Simplifica\" \/>\n<meta property=\"article:modified_time\" content=\"2020-05-20T16:04:29+00:00\" \/>\n<meta property=\"og:image\" content=\"https:\/\/www.amplifica.me\/simplifica\/wp-content\/uploads\/2020\/04\/thumb-geral-simplifica-04.png\" \/>\n\t<meta property=\"og:image:width\" content=\"870\" \/>\n\t<meta property=\"og:image:height\" content=\"452\" \/>\n\t<meta property=\"og:image:type\" content=\"image\/png\" \/>\n<meta name=\"twitter:card\" content=\"summary_large_image\" \/>\n<meta name=\"twitter:title\" content=\"Extras Simplifica\" \/>\n<meta name=\"twitter:description\" content=\"N\u00e3o existe um guia infal\u00edvel para alcan\u00e7ar o sucesso na vida, mas a equipe Simplifica preparou um ambiente online cheio de dicas incr\u00edveis para voc\u00ea evoluir profissionalmente e buscar sempre algo novo para aprender tamb\u00e9m.\" \/>\n<meta name=\"twitter:image\" content=\"https:\/\/www.amplifica.me\/simplifica\/wp-content\/uploads\/2020\/04\/thumb-geral-simplifica-04.png\" \/>\n<script type=\"application\/ld+json\" class=\"yoast-schema-graph\">{\"@context\":\"https:\/\/schema.org\",\"@graph\":[{\"@type\":\"WebSite\",\"@id\":\"https:\/\/www.amplifica.me\/simplifica\/#website\",\"url\":\"https:\/\/www.amplifica.me\/simplifica\/\",\"name\":\"Simplifica\",\"description\":\"Experi\u00eancias de Aprendizagem Gratuitas\",\"potentialAction\":[{\"@type\":\"SearchAction\",\"target\":{\"@type\":\"EntryPoint\",\"urlTemplate\":\"https:\/\/www.amplifica.me\/simplifica\/?s={search_term_string}\"},\"query-input\":\"required name=search_term_string\"}],\"inLanguage\":\"pt-BR\"},{\"@type\":\"ImageObject\",\"inLanguage\":\"pt-BR\",\"@id\":\"https:\/\/www.amplifica.me\/simplifica\/?page_id=783#primaryimage\",\"url\":\"https:\/\/www.amplifica.me\/simplifica\/wp-content\/uploads\/2020\/04\/thumb-geral-simplifica-04.png\",\"contentUrl\":\"https:\/\/www.amplifica.me\/simplifica\/wp-content\/uploads\/2020\/04\/thumb-geral-simplifica-04.png\",\"width\":870,\"height\":452,\"caption\":\"Simplifica\"},{\"@type\":\"WebPage\",\"@id\":\"https:\/\/www.amplifica.me\/simplifica\/?page_id=783#webpage\",\"url\":\"https:\/\/www.amplifica.me\/simplifica\/?page_id=783\",\"name\":\"Extras - Simplifica\",\"isPartOf\":{\"@id\":\"https:\/\/www.amplifica.me\/simplifica\/#website\"},\"primaryImageOfPage\":{\"@id\":\"https:\/\/www.amplifica.me\/simplifica\/?page_id=783#primaryimage\"},\"datePublished\":\"2020-04-26T15:04:12+00:00\",\"dateModified\":\"2020-05-20T16:04:29+00:00\",\"description\":\"N\u00e3o existe guia infal\u00edvel. Por isso o Simplifica preparou um ambiente online cheio de dicas incr\u00edveis para voc\u00ea evoluir e buscar sempre algo novo para aprender.\",\"breadcrumb\":{\"@id\":\"https:\/\/www.amplifica.me\/simplifica\/?page_id=783#breadcrumb\"},\"inLanguage\":\"pt-BR\",\"potentialAction\":[{\"@type\":\"ReadAction\",\"target\":[\"https:\/\/www.amplifica.me\/simplifica\/?page_id=783\"]}]},{\"@type\":\"BreadcrumbList\",\"@id\":\"https:\/\/www.amplifica.me\/simplifica\/?page_id=783#breadcrumb\",\"itemListElement\":[{\"@type\":\"ListItem\",\"position\":1,\"name\":\"In\u00edcio\",\"item\":\"https:\/\/www.amplifica.me\/simplifica\/\"},{\"@type\":\"ListItem\",\"position\":2,\"name\":\"Extras\"}]}]}<\/script>\n<!-- \/ Yoast SEO plugin. -->","yoast_head_json":{"title":"Extras - Simplifica","description":"N\u00e3o existe guia infal\u00edvel. Por isso o Simplifica preparou um ambiente online cheio de dicas incr\u00edveis para voc\u00ea evoluir e buscar sempre algo novo para aprender.","robots":{"index":"index","follow":"follow","max-snippet":"max-snippet:-1","max-image-preview":"max-image-preview:large","max-video-preview":"max-video-preview:-1"},"canonical":"https:\/\/www.amplifica.me\/simplifica\/?page_id=783","og_locale":"pt_BR","og_type":"article","og_title":"Extras Simplifica","og_description":"N\u00e3o existe um guia infal\u00edvel para alcan\u00e7ar o sucesso na vida, mas a equipe Simplifica preparou um ambiente online cheio de dicas incr\u00edveis para voc\u00ea evoluir profissionalmente e buscar sempre algo novo para aprender tamb\u00e9m.","og_url":"https:\/\/www.amplifica.me\/simplifica\/?page_id=783","og_site_name":"Simplifica","article_modified_time":"2020-05-20T16:04:29+00:00","og_image":[{"width":870,"height":452,"url":"https:\/\/www.amplifica.me\/simplifica\/wp-content\/uploads\/2020\/04\/thumb-geral-simplifica-04.png","type":"image\/png"}],"twitter_card":"summary_large_image","twitter_title":"Extras Simplifica","twitter_description":"N\u00e3o existe um guia infal\u00edvel para alcan\u00e7ar o sucesso na vida, mas a equipe Simplifica preparou um ambiente online cheio de dicas incr\u00edveis para voc\u00ea evoluir profissionalmente e buscar sempre algo novo para aprender tamb\u00e9m.","twitter_image":"https:\/\/www.amplifica.me\/simplifica\/wp-content\/uploads\/2020\/04\/thumb-geral-simplifica-04.png","schema":{"@context":"https:\/\/schema.org","@graph":[{"@type":"WebSite","@id":"https:\/\/www.amplifica.me\/simplifica\/#website","url":"https:\/\/www.amplifica.me\/simplifica\/","name":"Simplifica","description":"Experi\u00eancias de Aprendizagem Gratuitas","potentialAction":[{"@type":"SearchAction","target":{"@type":"EntryPoint","urlTemplate":"https:\/\/www.amplifica.me\/simplifica\/?s={search_term_string}"},"query-input":"required name=search_term_string"}],"inLanguage":"pt-BR"},{"@type":"ImageObject","inLanguage":"pt-BR","@id":"https:\/\/www.amplifica.me\/simplifica\/?page_id=783#primaryimage","url":"https:\/\/www.amplifica.me\/simplifica\/wp-content\/uploads\/2020\/04\/thumb-geral-simplifica-04.png","contentUrl":"https:\/\/www.amplifica.me\/simplifica\/wp-content\/uploads\/2020\/04\/thumb-geral-simplifica-04.png","width":870,"height":452,"caption":"Simplifica"},{"@type":"WebPage","@id":"https:\/\/www.amplifica.me\/simplifica\/?page_id=783#webpage","url":"https:\/\/www.amplifica.me\/simplifica\/?page_id=783","name":"Extras - Simplifica","isPartOf":{"@id":"https:\/\/www.amplifica.me\/simplifica\/#website"},"primaryImageOfPage":{"@id":"https:\/\/www.amplifica.me\/simplifica\/?page_id=783#primaryimage"},"datePublished":"2020-04-26T15:04:12+00:00","dateModified":"2020-05-20T16:04:29+00:00","description":"N\u00e3o existe guia infal\u00edvel. Por isso o Simplifica preparou um ambiente online cheio de dicas incr\u00edveis para voc\u00ea evoluir e buscar sempre algo novo para aprender.","breadcrumb":{"@id":"https:\/\/www.amplifica.me\/simplifica\/?page_id=783#breadcrumb"},"inLanguage":"pt-BR","potentialAction":[{"@type":"ReadAction","target":["https:\/\/www.amplifica.me\/simplifica\/?page_id=783"]}]},{"@type":"BreadcrumbList","@id":"https:\/\/www.amplifica.me\/simplifica\/?page_id=783#breadcrumb","itemListElement":[{"@type":"ListItem","position":1,"name":"In\u00edcio","item":"https:\/\/www.amplifica.me\/simplifica\/"},{"@type":"ListItem","position":2,"name":"Extras"}]}]}},"_links":{"self":[{"href":"https:\/\/www.amplifica.me\/simplifica\/index.php?rest_route=\/wp\/v2\/pages\/783"}],"collection":[{"href":"https:\/\/www.amplifica.me\/simplifica\/index.php?rest_route=\/wp\/v2\/pages"}],"about":[{"href":"https:\/\/www.amplifica.me\/simplifica\/index.php?rest_route=\/wp\/v2\/types\/page"}],"author":[{"embeddable":true,"href":"https:\/\/www.amplifica.me\/simplifica\/index.php?rest_route=\/wp\/v2\/users\/1"}],"replies":[{"embeddable":true,"href":"https:\/\/www.amplifica.me\/simplifica\/index.php?rest_route=%2Fwp%2Fv2%2Fcomments&post=783"}],"version-history":[{"count":21,"href":"https:\/\/www.amplifica.me\/simplifica\/index.php?rest_route=\/wp\/v2\/pages\/783\/revisions"}],"predecessor-version":[{"id":1829,"href":"https:\/\/www.amplifica.me\/simplifica\/index.php?rest_route=\/wp\/v2\/pages\/783\/revisions\/1829"}],"wp:attachment":[{"href":"https:\/\/www.amplifica.me\/simplifica\/index.php?rest_route=%2Fwp%2Fv2%2Fmedia&parent=783"}],"wp:term":[{"taxonomy":"post_tag","embeddable":true,"href":"https:\/\/www.amplifica.me\/simplifica\/index.php?rest_route=%2Fwp%2Fv2%2Ftags&post=783"}],"curies":[{"name":"wp","href":"https:\/\/api.w.org\/{rel}","templated":true}]}}